{"id":21,"date":"2024-01-05T13:03:15","date_gmt":"2024-01-05T12:03:15","guid":{"rendered":"https:\/\/huamanwasi.assouria.com\/?page_id=21"},"modified":"2025-10-02T22:06:22","modified_gmt":"2025-10-02T20:06:22","slug":"retraites","status":"publish","type":"page","link":"https:\/\/huamanwasi.com\/es\/retraites\/","title":{"rendered":"Retiros"},"content":{"rendered":"[et_pb_section fb_built=\u00a0\u00bb1&Prime; admin_label=\u00a0\u00bbHeader\u00a0\u00bb _builder_version=\u00a0\u00bb4.26.0&Prime; _module_preset=\u00a0\u00bbdefault\u00a0\u00bb background_image=\u00a0\u00bbhttps:\/\/huamanwasi.com\/wp-content\/uploads\/2025\/09\/Bovinzana.webp\u00a0\u00bb parallax=\u00a0\u00bbon\u00a0\u00bb min_height=\u00a0\u00bb443px\u00a0\u00bb min_height_tablet=\u00a0\u00bb\u00a0\u00bb min_height_phone=\u00a0\u00bb275px\u00a0\u00bb min_height_last_edited=\u00a0\u00bbon|phone\u00a0\u00bb height=\u00a0\u00bb407px\u00a0\u00bb height_tablet=\u00a0\u00bb\u00a0\u00bb height_phone=\u00a0\u00bb216px\u00a0\u00bb height_last_edited=\u00a0\u00bbon|phone\u00a0\u00bb custom_padding=\u00a0\u00bb6vw||6vw||true|false\u00a0\u00bb collapsed=\u00a0\u00bbon\u00a0\u00bb global_colors_info=\u00a0\u00bb{}\u00a0\u00bb][et_pb_row _builder_version=\u00a0\u00bb4.26.0&Prime; _module_preset=\u00a0\u00bbdefault\u00a0\u00bb global_colors_info=\u00a0\u00bb{}\u00a0\u00bb][et_pb_column type=\u00a0\u00bb4_4&Prime; _builder_version=\u00a0\u00bb4.24.0&Prime; _module_preset=\u00a0\u00bbdefault\u00a0\u00bb global_colors_info=\u00a0\u00bb{}\u00a0\u00bb][et_pb_image src=\u00a0\u00bbhttps:\/\/huamanwasi.com\/wp-content\/uploads\/2024\/04\/Logo-web-red-2.jpg\u00a0\u00bb title_text=\u00a0\u00bbLogo web &#8211; 1&Prime; url=\u00a0\u00bbhttps:\/\/huamanwasi.com\/\u00a0\u00bb _builder_version=\u00a0\u00bb4.26.0&Prime; _module_preset=\u00a0\u00bbdefault\u00a0\u00bb width_tablet=\u00a0\u00bb\u00a0\u00bb width_phone=\u00a0\u00bb100%\u00a0\u00bb width_last_edited=\u00a0\u00bbon|phone\u00a0\u00bb custom_margin=\u00a0\u00bb70px|||250px|false|false\u00a0\u00bb custom_margin_tablet=\u00a0\u00bb\u00a0\u00bb custom_margin_phone=\u00a0\u00bb30px|||0px|false|false\u00a0\u00bb custom_margin_last_edited=\u00a0\u00bbon|phone\u00a0\u00bb global_colors_info=\u00a0\u00bb{}\u00a0\u00bb][\/et_pb_image][\/et_pb_column][\/et_pb_row][\/et_pb_section][et_pb_section fb_built=\u00a0\u00bb1&Prime; admin_label=\u00a0\u00bbFeatures\u00a0\u00bb _builder_version=\u00a0\u00bb4.24.0&Prime; _module_preset=\u00a0\u00bbdefault\u00a0\u00bb locked=\u00a0\u00bboff\u00a0\u00bb collapsed=\u00a0\u00bbon\u00a0\u00bb global_colors_info=\u00a0\u00bb{}\u00a0\u00bb][et_pb_row _builder_version=\u00a0\u00bb4.24.0&Prime; _module_preset=\u00a0\u00bbdefault\u00a0\u00bb width=\u00a0\u00bb90%\u00a0\u00bb width_tablet=\u00a0\u00bb90%\u00a0\u00bb width_phone=\u00a0\u00bb90%\u00a0\u00bb width_last_edited=\u00a0\u00bbon|desktop\u00a0\u00bb max_width=\u00a0\u00bb700px\u00a0\u00bb global_colors_info=\u00a0\u00bb{}\u00a0\u00bb][et_pb_column type=\u00a0\u00bb4_4&Prime; _builder_version=\u00a0\u00bb4.22.0&Prime; _module_preset=\u00a0\u00bbdefault\u00a0\u00bb global_colors_info=\u00a0\u00bb{}\u00a0\u00bb][et_pb_text _builder_version=\u00a0\u00bb4.24.0&Prime; _module_preset=\u00a0\u00bb3cfea7d9-50c0-4908-b9e2-2ea9583fc2d4&Prime; header_font=\u00a0\u00bb|700|||||||\u00a0\u00bb header_text_color=\u00a0\u00bbgcid-406e287c-941b-47cf-8b1d-d22205f292f8&Prime; header_font_size=\u00a0\u00bb46px\u00a0\u00bb header_2_font_size=\u00a0\u00bb46px\u00a0\u00bb text_orientation=\u00a0\u00bbcenter\u00a0\u00bb width=\u00a0\u00bb100%\u00a0\u00bb width_tablet=\u00a0\u00bb100%\u00a0\u00bb width_phone=\u00a0\u00bb100%\u00a0\u00bb width_last_edited=\u00a0\u00bbon|desktop\u00a0\u00bb header_font_size_tablet=\u00a0\u00bb46px\u00a0\u00bb header_font_size_phone=\u00a0\u00bb46px\u00a0\u00bb header_font_size_last_edited=\u00a0\u00bbon|desktop\u00a0\u00bb header_2_font_tablet=\u00a0\u00bb\u00a0\u00bb header_2_font_phone=\u00a0\u00bb\u00a0\u00bb header_2_font_last_edited=\u00a0\u00bbon|desktop\u00a0\u00bb inline_fonts=\u00a0\u00bbRaleway\u00a0\u00bb global_colors_info=\u00a0\u00bb{%22gcid-406e287c-941b-47cf-8b1d-d22205f292f8%22:%91%22header_text_color%22%93}\u00a0\u00bb]<h1><span style=\"font-weight: 400; font-family: Raleway;\">Les Retraites avec<\/span><\/h1>\n<h1><span style=\"font-weight: 400; font-family: Raleway;\"> Plantes Ma\u00eetresses et Yoga<\/span><\/h1>[\/et_pb_text][\/et_pb_column][\/et_pb_row][et_pb_row _builder_version=\u00a0\u00bb4.24.0&Prime; _module_preset=\u00a0\u00bbdefault\u00a0\u00bb global_colors_info=\u00a0\u00bb{}\u00a0\u00bb][et_pb_column type=\u00a0\u00bb4_4&Prime; _builder_version=\u00a0\u00bb4.22.0&Prime; _module_preset=\u00a0\u00bbdefault\u00a0\u00bb global_colors_info=\u00a0\u00bb{}\u00a0\u00bb][et_pb_image src=\u00a0\u00bbhttps:\/\/huamanwasi.com\/wp-content\/uploads\/2025\/09\/733285fb-ae25-475b-9359-84c8bade77ec.jpg\u00a0\u00bb title_text=\u00a0\u00bb733285fb-ae25-475b-9359-84c8bade77ec\u00a0\u00bb _builder_version=\u00a0\u00bb4.26.0&Prime; _module_preset=\u00a0\u00bbdefault\u00a0\u00bb width=\u00a0\u00bb100%\u00a0\u00bb width_tablet=\u00a0\u00bb100%\u00a0\u00bb width_phone=\u00a0\u00bb80%\u00a0\u00bb width_last_edited=\u00a0\u00bbon|desktop\u00a0\u00bb max_width_tablet=\u00a0\u00bb\u00a0\u00bb max_width_phone=\u00a0\u00bb80%\u00a0\u00bb max_width_last_edited=\u00a0\u00bbon|phone\u00a0\u00bb min_height=\u00a0\u00bb552px\u00a0\u00bb min_height_tablet=\u00a0\u00bb552px\u00a0\u00bb min_height_phone=\u00a0\u00bb299px\u00a0\u00bb min_height_last_edited=\u00a0\u00bbon|phone\u00a0\u00bb height=\u00a0\u00bb402px\u00a0\u00bb height_tablet=\u00a0\u00bb402px\u00a0\u00bb height_phone=\u00a0\u00bb311px\u00a0\u00bb height_last_edited=\u00a0\u00bbon|phone\u00a0\u00bb max_height=\u00a0\u00bb475px\u00a0\u00bb max_height_tablet=\u00a0\u00bb475px\u00a0\u00bb max_height_phone=\u00a0\u00bb270px\u00a0\u00bb max_height_last_edited=\u00a0\u00bbon|phone\u00a0\u00bb custom_margin=\u00a0\u00bb|||130px|false|false\u00a0\u00bb custom_margin_tablet=\u00a0\u00bb|||130px|false|false\u00a0\u00bb custom_margin_phone=\u00a0\u00bb|||40px|false|false\u00a0\u00bb custom_margin_last_edited=\u00a0\u00bbon|phone\u00a0\u00bb global_colors_info=\u00a0\u00bb{}\u00a0\u00bb][\/et_pb_image][et_pb_cta button_url=\u00a0\u00bb#\u00a0\u00bb _builder_version=\u00a0\u00bb4.24.0&Prime; _module_preset=\u00a0\u00bbdefault\u00a0\u00bb header_font=\u00a0\u00bbRufina|700|||||||\u00a0\u00bb header_text_color=\u00a0\u00bbgcid-d13dd47d-c04f-4aec-b591-ba88ac7e1568&Prime; header_font_size=\u00a0\u00bb32px\u00a0\u00bb header_line_height=\u00a0\u00bb1.4em\u00a0\u00bb body_font=\u00a0\u00bbInter||||||||\u00a0\u00bb body_text_color=\u00a0\u00bbgcid-c6bf7a23-856a-4cb2-9140-f8fe92a7e2b1&Prime; body_font_size=\u00a0\u00bb16px\u00a0\u00bb body_line_height=\u00a0\u00bb1.8em\u00a0\u00bb background_color=\u00a0\u00bbRGBA(255,255,255,0)\u00a0\u00bb custom_button=\u00a0\u00bbon\u00a0\u00bb button_text_size=\u00a0\u00bb14px\u00a0\u00bb button_text_color=\u00a0\u00bbgcid-95530a2b-5e91-45c7-8ffb-59bb0a37f154&Prime; button_bg_color=\u00a0\u00bbRGBA(255,255,255,0)\u00a0\u00bb button_border_width=\u00a0\u00bb0px\u00a0\u00bb button_border_radius=\u00a0\u00bb0px\u00a0\u00bb button_font=\u00a0\u00bbInter|700|||||||\u00a0\u00bb button_custom_padding=\u00a0\u00bb|0px||0px|false|true\u00a0\u00bb text_orientation=\u00a0\u00bbleft\u00a0\u00bb custom_margin=\u00a0\u00bb||0px||false|false\u00a0\u00bb custom_margin_tablet=\u00a0\u00bb||30px||false|false\u00a0\u00bb custom_margin_phone=\u00a0\u00bb||30px||false|false\u00a0\u00bb custom_margin_last_edited=\u00a0\u00bbon|tablet\u00a0\u00bb custom_padding=\u00a0\u00bb30px|30px|30px|30px|true|true\u00a0\u00bb custom_padding_tablet=\u00a0\u00bb30px|30px|30px|30px|true|true\u00a0\u00bb custom_padding_phone=\u00a0\u00bb20px|20px|20px|20px|true|true\u00a0\u00bb custom_padding_last_edited=\u00a0\u00bbon|phone\u00a0\u00bb header_font_size_tablet=\u00a0\u00bb20px\u00a0\u00bb header_font_size_phone=\u00a0\u00bb16px\u00a0\u00bb header_font_size_last_edited=\u00a0\u00bbon|desktop\u00a0\u00bb body_font_size_tablet=\u00a0\u00bb15px\u00a0\u00bb body_font_size_phone=\u00a0\u00bb14px\u00a0\u00bb body_font_size_last_edited=\u00a0\u00bbon|desktop\u00a0\u00bb border_color_all=\u00a0\u00bbgcid-95530a2b-5e91-45c7-8ffb-59bb0a37f154&Prime; global_colors_info=\u00a0\u00bb{%22gcid-95530a2b-5e91-45c7-8ffb-59bb0a37f154%22:%91%22button_text_color%22,%22border_color_all%22%93,%22gcid-d13dd47d-c04f-4aec-b591-ba88ac7e1568%22:%91%22header_text_color%22%93,%22gcid-c6bf7a23-856a-4cb2-9140-f8fe92a7e2b1%22:%91%22body_text_color%22%93}\u00a0\u00bb]<p data-start=\"361\" data-end=\"802\">Les retraites avec Plantes Ma\u00eetresses et yoga sont des espaces uniques de transformation, de partage et de gu\u00e9rison. \u00c0 travers la sagesse des m\u00e9decines ancestrales amazoniennes, nous acc\u00e9dons \u00e0 des \u00e9tats subtils de conscience, qui nous permettent de clarifier, purifier et \u00e9lever notre mental, notre corps et nos \u00e9motions. Chaque exp\u00e9rience nous rapproche un peu plus de l\u2019\u00catre v\u00e9ritable, celui qui se r\u00e9v\u00e8le derri\u00e8re le voile de l\u2019illusion.<\/p>\n<p data-start=\"804\" data-end=\"927\">C\u2019est aussi une opportunit\u00e9 pr\u00e9cieuse de m\u00e9diter, de se reconnecter \u00e0 la Terre M\u00e8re, \u00e0 la force et \u00e0 la magie des \u00e9l\u00e9ments.<\/p>\n<p data-start=\"929\" data-end=\"1164\">Durant la retraite, plusieurs jours seront consacr\u00e9s \u00e0 une di\u00e8te en hutte individuelle. Ces moments d\u2019introspection profonde ouvrent un espace de contemplation, de silence et de connaissance de soi \u2014 en lien avec l\u2019univers tout entier.<\/p>\n<p data-start=\"1166\" data-end=\"1278\">Tout au long du s\u00e9jour, nous explorerons diff\u00e9rentes pratiques pour ancrer l\u2019exp\u00e9rience dans le corps physique :<\/p>\n<ul data-start=\"1279\" data-end=\"1374\">\n<li data-start=\"1279\" data-end=\"1297\">\n<p data-start=\"1281\" data-end=\"1297\">Yoga Kundalini<\/p>\n<\/li>\n<li data-start=\"1298\" data-end=\"1321\">\n<p data-start=\"1300\" data-end=\"1321\">Yin Yoga chamanique<\/p>\n<\/li>\n<li data-start=\"1322\" data-end=\"1355\">\n<p data-start=\"1324\" data-end=\"1355\">Yoga du Son et Chant M\u00e9decine<\/p>\n<\/li>\n<li data-start=\"1356\" data-end=\"1374\">\n<p data-start=\"1358\" data-end=\"1374\">Danse rituelle<\/p>\n<\/li>\n<\/ul>\n<p data-start=\"1376\" data-end=\"1603\">Ces pratiques soutiennent l\u2019int\u00e9gration des r\u00e9alit\u00e9s multidimensionnelles et accompagnent les processus personnels et collectifs. L\u2019accompagnement se veut th\u00e9rapeutique, bienveillant et enrichi de divers outils compl\u00e9mentaires.<span>\u00a0<\/span><span><\/span><\/p>[\/et_pb_cta][\/et_pb_column][\/et_pb_row][et_pb_row column_structure=\u00a0\u00bb1_2,1_2&Prime; _builder_version=\u00a0\u00bb4.24.0&Prime; _module_preset=\u00a0\u00bbdefault\u00a0\u00bb global_colors_info=\u00a0\u00bb{}\u00a0\u00bb][et_pb_column type=\u00a0\u00bb1_2&Prime; _builder_version=\u00a0\u00bb4.22.0&Prime; _module_preset=\u00a0\u00bbdefault\u00a0\u00bb global_colors_info=\u00a0\u00bb{}\u00a0\u00bb][et_pb_text _builder_version=\u00a0\u00bb4.24.0&Prime; _module_preset=\u00a0\u00bbdefault\u00a0\u00bb text_font=\u00a0\u00bbInter||||||||\u00a0\u00bb text_text_color=\u00a0\u00bb#000000&Prime; text_font_size=\u00a0\u00bb16px\u00a0\u00bb text_line_height=\u00a0\u00bb1.8em\u00a0\u00bb custom_padding=\u00a0\u00bb30px|30px|8px|30px|false|false\u00a0\u00bb border_width_right=\u00a0\u00bb2px\u00a0\u00bb border_color_right=\u00a0\u00bb#000000&Prime; global_colors_info=\u00a0\u00bb{}\u00a0\u00bb]<p><span><strong>\u00a0D\u00eda 1<\/strong><\/span><br \/><span>\u00a0\u00a0\u00a0 \u2022 Llegada del grupo y primer encuentro.<\/span><br \/><span>\u00a0\u00a0\u00a0 \u2022 Entrevistas individuales<\/span><br \/><span><strong>D\u00eda 2<\/strong><\/span><br \/><span>\u00a0\u00a0\u00a0 \u2022 Introduction au Changement du Paradigme<\/span><br \/><span>\u00a0\u00a0\u00a0 \u2022 Atelier \u00ab\u00a0Plantes Ma\u00eetresses et Yoga\u00a0\u00bb<\/span><br \/><span>\u00a0\u00a0\u00a0 \u2022 Ofrenda a la Madre Tierra<\/span><br \/><span><strong>D\u00eda 3<\/strong><\/span><br \/><span>\u00a0\u00a0\u00a0 \u2022 C\u00e9r\u00e9monie de purification avec Tabac<\/span><br \/><span><strong>D\u00eda 4<\/strong><\/span><br \/><span>\u00a0 \u00a0 \u2022 Kundalini Yoga &amp; Chant M\u00e9decine<\/span><br \/><span>\u00a0\u00a0\u00a0 \u2022 Cercle de Parole Th\u00e9rapeutique<\/span><br \/><span>\u00a0\u00a0\u00a0 \u2022 R\u00e9union de pr\u00e9paration pour la 1\u00e8re C\u00e9r\u00e9monie avec Ayahuasca<\/span><br \/><span>\u00a0\u00a0\u00a0 \u2022 1\u00e8re C\u00e9r\u00e9monie avec Ayahuasca (lunaire)<\/span><br \/><span><strong>D\u00eda 5<\/strong><\/span><br \/><span>\u00a0\u00a0\u00a0 \u2022 Yin Yoga Chamanique &amp; Yoga du Son<\/span><br \/><span>\u00a0\u00a0\u00a0 \u2022 Cercle de Parole Th\u00e9rapeutique<\/span><br \/><span>\u00a0\u00a0\u00a0 \u2022 2\u00e8me C\u00e9r\u00e9monie avec Ayahuasca (lunaire)<\/span><br \/><span><strong>D\u00eda 6<\/strong><\/span><br \/><span>\u00a0\u00a0\u00a0 \u2022 1er d\u00eda de dieta en caba\u00f1a individual en el bosque<\/span><br \/><span><strong>D\u00eda 7<\/strong><\/span><br \/><span>\u00a0\u00a0\u00a0 \u2022 Segundo d\u00eda de dieta en caba\u00f1a individual en el bosque.<\/span><\/p>[\/et_pb_text][\/et_pb_column][et_pb_column type=\u00a0\u00bb1_2&Prime; _builder_version=\u00a0\u00bb4.22.0&Prime; _module_preset=\u00a0\u00bbdefault\u00a0\u00bb global_colors_info=\u00a0\u00bb{}\u00a0\u00bb][et_pb_text _builder_version=\u00a0\u00bb4.24.0&Prime; _module_preset=\u00a0\u00bbdefault\u00a0\u00bb text_font=\u00a0\u00bbInter||||||||\u00a0\u00bb text_text_color=\u00a0\u00bb#000000&Prime; text_font_size=\u00a0\u00bb16px\u00a0\u00bb text_line_height=\u00a0\u00bb1.9em\u00a0\u00bb custom_padding=\u00a0\u00bb30px||30px|20px|false|false\u00a0\u00bb global_colors_info=\u00a0\u00bb{}\u00a0\u00bb]<p><span><strong>D\u00eda 8<\/strong><\/span><br \/><span>\u00a0\u00a0\u00a0 \u2022 3er d\u00eda de dieta en caba\u00f1a individual en el bosque<\/span><\/p>\n<p><span><strong>D\u00eda 9<\/strong><\/span><br \/><span>\u00a0\u00a0\u00a0 \u2022 Fin de la dieta por la ma\u00f1ana.<\/span><br \/><span>\u00a0\u00a0\u00a0 \u2022 3\u00e8me C\u00e9r\u00e9monie avec Ayahuasca (solaire)<\/span><span>\u00a0\u00a0<\/span><\/p>\n<p><span><strong>D\u00eda 10<\/strong><\/span><br \/><span>\u00a0\u00a0\u00a0 \u2022 Kundalini &amp; Yin Yoga<br \/>\u00a0 \u00a0 \u2022 Cercle de Parole Th\u00e9rapeutique<br \/>\u00a0 \u00a0 \u20224\u00e8me C\u00e9r\u00e9monie avec Ayahuasca (lunaire)<\/span><br \/><span><strong>D\u00eda 11<\/strong><\/span><br \/><span>\u00a0 \u00a0 \u2022 Jour de Silence, M\u00e9ditation, Pri\u00e8re et Int\u00e9gration<br \/><\/span><br \/><span><strong>D\u00eda 12<\/strong><\/span><br \/><span>\u00a0\u00a0\u00a0 \u2022 C\u00e9r\u00e9monie avec San Pedro (Wachuma)<\/span><br \/><span>\u00a0\u00a0\u00a0 \u2022 Lodge de sudor \u2013 Temazcal<\/span><br \/><span>\u00a0\u00a0\u00a0 \u2022 Ba\u00f1o de flores con plantas medicinales y arom\u00e1ticas.<\/span><br \/><span><strong>D\u00eda 13<\/strong><\/span><br \/><span>\u00a0\u00a0\u00a0 \u2022 Salida a San Roque o Tarapoto<br \/>\u00a0 \u00a0 \u2022 Cercle de Parole final<\/span><br \/><span><strong>D\u00eda 14<\/strong><\/span><br \/><span>\u00a0\u00a0\u00a0 \u2022 Fin del retiro despu\u00e9s del desayuno.<\/span><\/p>[\/et_pb_text][\/et_pb_column][\/et_pb_row][\/et_pb_section][et_pb_section fb_built=\u00a0\u00bb1&Prime; admin_label=\u00a0\u00bbFooter\u00a0\u00bb _builder_version=\u00a0\u00bb4.24.0&Prime; _module_preset=\u00a0\u00bbdefault\u00a0\u00bb saved_tabs=\u00a0\u00bball\u00a0\u00bb collapsed=\u00a0\u00bboff\u00a0\u00bb global_colors_info=\u00a0\u00bb{}\u00a0\u00bb][et_pb_row _builder_version=\u00a0\u00bb4.23.1&Prime; _module_preset=\u00a0\u00bbdefault\u00a0\u00bb use_background_color_gradient=\u00a0\u00bbon\u00a0\u00bb background_color_gradient_stops=\u00a0\u00bbrgba(0,0,0,0.7) 0%|rgba(255,255,255,0) 100%\u00a0\u00bb background_color_gradient_overlays_image=\u00a0\u00bbon\u00a0\u00bb background_image=\u00a0\u00bbhttps:\/\/huamanwasi.com\/wp-content\/uploads\/2024\/01\/accueil-11-700&#215;300-1.jpg\u00a0\u00bb parallax=\u00a0\u00bbon\u00a0\u00bb width=\u00a0\u00bb100%\u00a0\u00bb max_width=\u00a0\u00bbnone\u00a0\u00bb custom_padding=\u00a0\u00bb0px||0px||true|false\u00a0\u00bb global_colors_info=\u00a0\u00bb{}\u00a0\u00bb][et_pb_column type=\u00a0\u00bb4_4&Prime; _builder_version=\u00a0\u00bb4.23.1&Prime; _module_preset=\u00a0\u00bbdefault\u00a0\u00bb global_colors_info=\u00a0\u00bb{}\u00a0\u00bb][et_pb_divider _builder_version=\u00a0\u00bb4.26.0&Prime; _module_preset=\u00a0\u00bbdefault\u00a0\u00bb background_image=\u00a0\u00bbhttps:\/\/huamanwasi.com\/wp-content\/uploads\/2025\/09\/Bovinzana.webp\u00a0\u00bb height=\u00a0\u00bb12vw\u00a0\u00bb global_colors_info=\u00a0\u00bb{}\u00a0\u00bb][\/et_pb_divider][\/et_pb_column][\/et_pb_row][et_pb_row column_structure=\u00a0\u00bb1_3,1_3,1_3&Prime; _builder_version=\u00a0\u00bb4.22.0&Prime; _module_preset=\u00a0\u00bbdefault\u00a0\u00bb border_color_all=\u00a0\u00bbrgba(0,0,0,0.12)\u00a0\u00bb border_width_top=\u00a0\u00bb1px\u00a0\u00bb global_colors_info=\u00a0\u00bb{}\u00a0\u00bb][et_pb_column type=\u00a0\u00bb1_3&Prime; _builder_version=\u00a0\u00bb4.22.0&Prime; _module_preset=\u00a0\u00bbdefault\u00a0\u00bb global_colors_info=\u00a0\u00bb{}\u00a0\u00bb][et_pb_text _builder_version=\u00a0\u00bb4.23.1&Prime; _module_preset=\u00a0\u00bb39622202-333d-4837-a00d-454214502c6b\u00a0\u00bb text_orientation=\u00a0\u00bbcenter\u00a0\u00bb custom_margin=\u00a0\u00bb||10px||false|false\u00a0\u00bb global_colors_info=\u00a0\u00bb{}\u00a0\u00bb]<h5>Direcci\u00f3n<\/h5>[\/et_pb_text][et_pb_text _builder_version=\u00a0\u00bb4.23.1&Prime; _module_preset=\u00a0\u00bb49dde2ea-9ac4-45e8-826e-41de85d46bd6&Prime; link_text_color=\u00a0\u00bbgcid-c6bf7a23-856a-4cb2-9140-f8fe92a7e2b1&Prime; text_orientation=\u00a0\u00bbcenter\u00a0\u00bb global_colors_info=\u00a0\u00bb{%22gcid-c6bf7a23-856a-4cb2-9140-f8fe92a7e2b1%22:%91%22link_text_color%22%93}\u00a0\u00bb]<p><span>San Roque de Cumbaza, San Martin, Peru<\/span><\/p>[\/et_pb_text][\/et_pb_column][et_pb_column type=\u00a0\u00bb1_3&Prime; _builder_version=\u00a0\u00bb4.22.0&Prime; _module_preset=\u00a0\u00bbdefault\u00a0\u00bb global_colors_info=\u00a0\u00bb{}\u00a0\u00bb][et_pb_text _builder_version=\u00a0\u00bb4.23.1&Prime; _module_preset=\u00a0\u00bb39622202-333d-4837-a00d-454214502c6b\u00a0\u00bb text_orientation=\u00a0\u00bbcenter\u00a0\u00bb custom_margin=\u00a0\u00bb||10px||false|false\u00a0\u00bb global_colors_info=\u00a0\u00bb{}\u00a0\u00bb]<h5>Redes sociales<\/h5>[\/et_pb_text][et_pb_social_media_follow icon_color=\u00a0\u00bb#000000&Prime; use_icon_font_size=\u00a0\u00bbon\u00a0\u00bb _builder_version=\u00a0\u00bb4.24.0&Prime; _module_preset=\u00a0\u00bbdefault\u00a0\u00bb text_orientation=\u00a0\u00bbcenter\u00a0\u00bb border_radii=\u00a0\u00bbon|100px|100px|100px|100px\u00a0\u00bb global_colors_info=\u00a0\u00bb{}\u00a0\u00bb][et_pb_social_media_follow_network social_network=\u00a0\u00bbfacebook\u00a0\u00bb url=\u00a0\u00bbhttps:\/\/www.facebook.com\/profile.php?id=100063686047817&Prime; _builder_version=\u00a0\u00bb4.24.0&Prime; _module_preset=\u00a0\u00bbdefault\u00a0\u00bb background_color=\u00a0\u00bb#3b5998&Prime; background_enable_color=\u00a0\u00bbon\u00a0\u00bb custom_padding=\u00a0\u00bb4px|4px|4px|4px|true|true\u00a0\u00bb global_colors_info=\u00a0\u00bb{%22gcid-2af4f8ba-4d61-435a-a256-d8bd7ad2cfec%22:%91%22background_color%22%93}\u00a0\u00bb follow_button=\u00a0\u00bboff\u00a0\u00bb url_new_window=\u00a0\u00bbon\u00a0\u00bb]facebook[\/et_pb_social_media_follow_network][et_pb_social_media_follow_network social_network=\u00a0\u00bbyoutube\u00a0\u00bb url=\u00a0\u00bbhttps:\/\/www.youtube.com\/@huamanwasiashram3421&Prime; _builder_version=\u00a0\u00bb4.24.0&Prime; _module_preset=\u00a0\u00bbdefault\u00a0\u00bb background_color=\u00a0\u00bb#a82400&Prime; background_enable_color=\u00a0\u00bbon\u00a0\u00bb custom_padding=\u00a0\u00bb4px|4px|4px|4px|true|true\u00a0\u00bb global_colors_info=\u00a0\u00bb{%22gcid-2af4f8ba-4d61-435a-a256-d8bd7ad2cfec%22:%91%22background_color%22%93}\u00a0\u00bb follow_button=\u00a0\u00bboff\u00a0\u00bb url_new_window=\u00a0\u00bbon\u00a0\u00bb]youtube[\/et_pb_social_media_follow_network][et_pb_social_media_follow_network social_network=\u00a0\u00bbinstagram\u00a0\u00bb url=\u00a0\u00bbhttps:\/\/www.instagram.com\/huamanwasi_ashram\/\u00a0\u00bb _builder_version=\u00a0\u00bb4.24.0&Prime; _module_preset=\u00a0\u00bbdefault\u00a0\u00bb background_color=\u00a0\u00bb#ea2c59&Prime; background_enable_color=\u00a0\u00bbon\u00a0\u00bb custom_padding=\u00a0\u00bb4px|4px|4px|4px|true|true\u00a0\u00bb global_colors_info=\u00a0\u00bb{%22gcid-2af4f8ba-4d61-435a-a256-d8bd7ad2cfec%22:%91%22background_color%22%93}\u00a0\u00bb follow_button=\u00a0\u00bboff\u00a0\u00bb url_new_window=\u00a0\u00bbon\u00a0\u00bb]instagram[\/et_pb_social_media_follow_network][\/et_pb_social_media_follow][\/et_pb_column][et_pb_column type=\u00a0\u00bb1_3&Prime; _builder_version=\u00a0\u00bb4.22.0&Prime; _module_preset=\u00a0\u00bbdefault\u00a0\u00bb global_colors_info=\u00a0\u00bb{}\u00a0\u00bb][et_pb_text _builder_version=\u00a0\u00bb4.24.0&Prime; _module_preset=\u00a0\u00bb39622202-333d-4837-a00d-454214502c6b\u00a0\u00bb text_orientation=\u00a0\u00bbcenter\u00a0\u00bb custom_margin=\u00a0\u00bb||10px||false|false\u00a0\u00bb global_colors_info=\u00a0\u00bb{}\u00a0\u00bb]<h5>Whatsapp<\/h5>[\/et_pb_text][et_pb_text _builder_version=\u00a0\u00bb4.23.1&Prime; _module_preset=\u00a0\u00bb49dde2ea-9ac4-45e8-826e-41de85d46bd6&Prime; link_text_color=\u00a0\u00bbgcid-c6bf7a23-856a-4cb2-9140-f8fe92a7e2b1&Prime; text_orientation=\u00a0\u00bbcenter\u00a0\u00bb custom_margin=\u00a0\u00bb||10px||false|false\u00a0\u00bb global_colors_info=\u00a0\u00bb{%22gcid-c6bf7a23-856a-4cb2-9140-f8fe92a7e2b1%22:%91%22link_text_color%22%93}\u00a0\u00bb]<p>(+51) 974 812 559<\/p>[\/et_pb_text][\/et_pb_column][\/et_pb_row][et_pb_row _builder_version=\u00a0\u00bb4.22.0&Prime; _module_preset=\u00a0\u00bbdefault\u00a0\u00bb background_color=\u00a0\u00bbgcid-d13dd47d-c04f-4aec-b591-ba88ac7e1568&Prime; width=\u00a0\u00bb100%\u00a0\u00bb max_width=\u00a0\u00bbnone\u00a0\u00bb custom_padding=\u00a0\u00bb|10%||10%|false|true\u00a0\u00bb global_colors_info=\u00a0\u00bb{%22gcid-d13dd47d-c04f-4aec-b591-ba88ac7e1568%22:%91%22background_color%22%93}\u00a0\u00bb][et_pb_column type=\u00a0\u00bb4_4&Prime; _builder_version=\u00a0\u00bb4.22.0&Prime; _module_preset=\u00a0\u00bbdefault\u00a0\u00bb global_colors_info=\u00a0\u00bb{}\u00a0\u00bb][et_pb_text _builder_version=\u00a0\u00bb4.24.0&Prime; _dynamic_attributes=\u00a0\u00bbcontent\u00a0\u00bb _module_preset=\u00a0\u00bb49dde2ea-9ac4-45e8-826e-41de85d46bd6&Prime; text_text_color=\u00a0\u00bbrgba(255,255,255,0.6)\u00a0\u00bb text_orientation=\u00a0\u00bbcenter\u00a0\u00bb global_colors_info=\u00a0\u00bb{}\u00a0\u00bb]@ET-DC@eyJkeW5hbWljIjp0cnVlLCJjb250ZW50IjoiY3VycmVudF9kYXRlIiwic2V0dGluZ3MiOnsiYmVmb3JlIjoiQ29weXJpZ2h0ICZjb3B5OyAiLCJhZnRlciI6IiBieSBBc3NvdXJpYSIsImRhdGVfZm9ybWF0IjoiY3VzdG9tIiwiY3VzdG9tX2RhdGVfZm9ybWF0IjoiWSJ9fQ==@[\/et_pb_text][\/et_pb_column][\/et_pb_row][\/et_pb_section]","protected":false},"excerpt":{"rendered":"<p>Les Retraites avec Plantes Ma\u00eetresses et YogaLes retraites avec Plantes Ma\u00eetresses et yoga sont des espaces uniques de transformation, de partage et de gu\u00e9rison. \u00c0 travers la sagesse des m\u00e9decines ancestrales amazoniennes, nous acc\u00e9dons \u00e0 des \u00e9tats subtils de conscience, qui nous permettent de clarifier, purifier et \u00e9lever notre mental, notre corps et nos \u00e9motions. [&hellip;]<\/p>","protected":false},"author":1,"featured_media":0,"parent":0,"menu_order":0,"comment_status":"closed","ping_status":"closed","template":"","meta":{"_et_pb_use_builder":"on","_et_pb_old_content":"<!-- wp:divi\/placeholder \/-->","_et_gb_content_width":"","footnotes":""},"class_list":["post-21","page","type-page","status-publish","hentry"],"_links":{"self":[{"href":"https:\/\/huamanwasi.com\/es\/wp-json\/wp\/v2\/pages\/21","targetHints":{"allow":["GET"]}}],"collection":[{"href":"https:\/\/huamanwasi.com\/es\/wp-json\/wp\/v2\/pages"}],"about":[{"href":"https:\/\/huamanwasi.com\/es\/wp-json\/wp\/v2\/types\/page"}],"author":[{"embeddable":true,"href":"https:\/\/huamanwasi.com\/es\/wp-json\/wp\/v2\/users\/1"}],"replies":[{"embeddable":true,"href":"https:\/\/huamanwasi.com\/es\/wp-json\/wp\/v2\/comments?post=21"}],"version-history":[{"count":28,"href":"https:\/\/huamanwasi.com\/es\/wp-json\/wp\/v2\/pages\/21\/revisions"}],"predecessor-version":[{"id":2362,"href":"https:\/\/huamanwasi.com\/es\/wp-json\/wp\/v2\/pages\/21\/revisions\/2362"}],"wp:attachment":[{"href":"https:\/\/huamanwasi.com\/es\/wp-json\/wp\/v2\/media?parent=21"}],"curies":[{"name":"wp","href":"https:\/\/api.w.org\/{rel}","templated":true}]}}