{"id":42,"date":"2024-01-05T13:08:28","date_gmt":"2024-01-05T12:08:28","guid":{"rendered":"https:\/\/huamanwasi.assouria.com\/?page_id=42"},"modified":"2025-09-30T23:13:54","modified_gmt":"2025-09-30T21:13:54","slug":"temoignages","status":"publish","type":"page","link":"https:\/\/huamanwasi.com\/es\/temoignages\/","title":{"rendered":"Testimonios"},"content":{"rendered":"[et_pb_section fb_built=\u00a0\u00bb1&Prime; admin_label=\u00a0\u00bbHeader\u00a0\u00bb _builder_version=\u00a0\u00bb4.26.0&Prime; _module_preset=\u00a0\u00bbdefault\u00a0\u00bb background_image=\u00a0\u00bbhttps:\/\/huamanwasi.com\/wp-content\/uploads\/2025\/09\/P9270956-scaled.jpg\u00a0\u00bb parallax=\u00a0\u00bbon\u00a0\u00bb min_height=\u00a0\u00bb443px\u00a0\u00bb min_height_tablet=\u00a0\u00bb\u00a0\u00bb min_height_phone=\u00a0\u00bb275px\u00a0\u00bb min_height_last_edited=\u00a0\u00bbon|phone\u00a0\u00bb height=\u00a0\u00bb407px\u00a0\u00bb height_tablet=\u00a0\u00bb\u00a0\u00bb height_phone=\u00a0\u00bb216px\u00a0\u00bb height_last_edited=\u00a0\u00bbon|phone\u00a0\u00bb custom_padding=\u00a0\u00bb6vw||6vw||true|false\u00a0\u00bb collapsed=\u00a0\u00bbon\u00a0\u00bb global_colors_info=\u00a0\u00bb{}\u00a0\u00bb][et_pb_row _builder_version=\u00a0\u00bb4.24.0&Prime; _module_preset=\u00a0\u00bbdefault\u00a0\u00bb global_colors_info=\u00a0\u00bb{}\u00a0\u00bb][et_pb_column type=\u00a0\u00bb4_4&Prime; _builder_version=\u00a0\u00bb4.24.0&Prime; _module_preset=\u00a0\u00bbdefault\u00a0\u00bb global_colors_info=\u00a0\u00bb{}\u00a0\u00bb][et_pb_image src=\u00a0\u00bbhttps:\/\/huamanwasi.com\/wp-content\/uploads\/2024\/04\/Logo-web-red-2.jpg\u00a0\u00bb title_text=\u00a0\u00bbLogo web &#8211; 1&Prime; url=\u00a0\u00bbhttps:\/\/huamanwasi.com\/\u00a0\u00bb _builder_version=\u00a0\u00bb4.26.0&Prime; _module_preset=\u00a0\u00bbdefault\u00a0\u00bb width_tablet=\u00a0\u00bb\u00a0\u00bb width_phone=\u00a0\u00bb100%\u00a0\u00bb width_last_edited=\u00a0\u00bbon|phone\u00a0\u00bb custom_margin=\u00a0\u00bb70px|||250px|false|false\u00a0\u00bb custom_margin_tablet=\u00a0\u00bb\u00a0\u00bb custom_margin_phone=\u00a0\u00bb30px|||0px|false|false\u00a0\u00bb custom_margin_last_edited=\u00a0\u00bbon|phone\u00a0\u00bb global_colors_info=\u00a0\u00bb{}\u00a0\u00bb][\/et_pb_image][\/et_pb_column][\/et_pb_row][\/et_pb_section][et_pb_section fb_built=\u00a0\u00bb1&Prime; admin_label=\u00a0\u00bbFeatures\u00a0\u00bb _builder_version=\u00a0\u00bb4.24.0&Prime; _module_preset=\u00a0\u00bbdefault\u00a0\u00bb locked=\u00a0\u00bboff\u00a0\u00bb collapsed=\u00a0\u00bboff\u00a0\u00bb global_colors_info=\u00a0\u00bb{}\u00a0\u00bb][et_pb_row _builder_version=\u00a0\u00bb4.22.0&Prime; _module_preset=\u00a0\u00bbdefault\u00a0\u00bb max_width=\u00a0\u00bb700px\u00a0\u00bb global_colors_info=\u00a0\u00bb{}\u00a0\u00bb][et_pb_column type=\u00a0\u00bb4_4&Prime; _builder_version=\u00a0\u00bb4.22.0&Prime; _module_preset=\u00a0\u00bbdefault\u00a0\u00bb global_colors_info=\u00a0\u00bb{}\u00a0\u00bb][et_pb_text _builder_version=\u00a0\u00bb4.26.0&Prime; _module_preset=\u00a0\u00bb3cfea7d9-50c0-4908-b9e2-2ea9583fc2d4&Prime; header_font=\u00a0\u00bb|700|||||||\u00a0\u00bb header_text_color=\u00a0\u00bbgcid-406e287c-941b-47cf-8b1d-d22205f292f8&Prime; header_font_size=\u00a0\u00bb46px\u00a0\u00bb header_2_font_size=\u00a0\u00bb46px\u00a0\u00bb text_orientation=\u00a0\u00bbcenter\u00a0\u00bb hover_enabled=\u00a0\u00bb0&Prime; header_font_size_tablet=\u00a0\u00bb45px\u00a0\u00bb header_font_size_phone=\u00a0\u00bb45px\u00a0\u00bb header_font_size_last_edited=\u00a0\u00bbon|desktop\u00a0\u00bb header_2_font_tablet=\u00a0\u00bb\u00a0\u00bb header_2_font_phone=\u00a0\u00bb\u00a0\u00bb header_2_font_last_edited=\u00a0\u00bbon|phone\u00a0\u00bb header_2_font_size_phone=\u00a0\u00bb44px\u00a0\u00bb global_colors_info=\u00a0\u00bb{%22gcid-406e287c-941b-47cf-8b1d-d22205f292f8%22:%91%22header_text_color%22%93}\u00a0\u00bb inline_fonts=\u00a0\u00bbRaleway\u00a0\u00bb sticky_enabled=\u00a0\u00bb0&Prime;]<h1><span style=\"font-weight: 400;\"><span style=\"font-family: Raleway;\">Testimonios<\/span>\u00a0<\/span><\/h1>[\/et_pb_text][\/et_pb_column][\/et_pb_row][et_pb_row use_custom_gutter=\u00a0\u00bbon\u00a0\u00bb gutter_width=\u00a0\u00bb4&Prime; make_equal=\u00a0\u00bbon\u00a0\u00bb _builder_version=\u00a0\u00bb4.24.0&Prime; _module_preset=\u00a0\u00bbdefault\u00a0\u00bb background_color=\u00a0\u00bb#edef73&Prime; min_height_tablet=\u00a0\u00bb\u00a0\u00bb min_height_phone=\u00a0\u00bb429px\u00a0\u00bb min_height_last_edited=\u00a0\u00bbon|phone\u00a0\u00bb height_tablet=\u00a0\u00bb\u00a0\u00bb height_phone=\u00a0\u00bb429px\u00a0\u00bb height_last_edited=\u00a0\u00bbon|phone\u00a0\u00bb max_height_tablet=\u00a0\u00bb\u00a0\u00bb max_height_phone=\u00a0\u00bb896px\u00a0\u00bb max_height_last_edited=\u00a0\u00bbon|phone\u00a0\u00bb custom_padding=\u00a0\u00bb||0px|||\u00a0\u00bb global_colors_info=\u00a0\u00bb{}\u00a0\u00bb][et_pb_column type=\u00a0\u00bb4_4&Prime; _builder_version=\u00a0\u00bb4.24.0&Prime; _module_preset=\u00a0\u00bbdefault\u00a0\u00bb global_colors_info=\u00a0\u00bb{}\u00a0\u00bb][et_pb_video src=\u00a0\u00bbhttps:\/\/youtu.be\/-Cm-9xlZriM\u00a0\u00bb _builder_version=\u00a0\u00bb4.23.1&Prime; _module_preset=\u00a0\u00bbdefault\u00a0\u00bb global_colors_info=\u00a0\u00bb{}\u00a0\u00bb][\/et_pb_video][et_pb_video src=\u00a0\u00bbhttps:\/\/youtu.be\/cvMOlD7rcvU\u00a0\u00bb _builder_version=\u00a0\u00bb4.24.0&Prime; _module_preset=\u00a0\u00bbdefault\u00a0\u00bb custom_padding=\u00a0\u00bb||4px||false|false\u00a0\u00bb global_colors_info=\u00a0\u00bb{}\u00a0\u00bb][\/et_pb_video][\/et_pb_column][\/et_pb_row][et_pb_row _builder_version=\u00a0\u00bb4.24.0&Prime; _module_preset=\u00a0\u00bbdefault\u00a0\u00bb background_color=\u00a0\u00bb#edef73&Prime; custom_padding=\u00a0\u00bb40px|||||\u00a0\u00bb global_colors_info=\u00a0\u00bb{}\u00a0\u00bb][et_pb_column type=\u00a0\u00bb4_4&Prime; _builder_version=\u00a0\u00bb4.24.0&Prime; _module_preset=\u00a0\u00bbdefault\u00a0\u00bb global_colors_info=\u00a0\u00bb{}\u00a0\u00bb][et_pb_video src=\u00a0\u00bbhttps:\/\/youtu.be\/h7zP8jg2SJo\u00a0\u00bb _builder_version=\u00a0\u00bb4.24.0&Prime; _module_preset=\u00a0\u00bbdefault\u00a0\u00bb global_colors_info=\u00a0\u00bb{}\u00a0\u00bb][\/et_pb_video][et_pb_video src=\u00a0\u00bbhttps:\/\/youtu.be\/RuLZ0tR-pZ8&Prime; _builder_version=\u00a0\u00bb4.24.0&Prime; _module_preset=\u00a0\u00bbdefault\u00a0\u00bb global_colors_info=\u00a0\u00bb{}\u00a0\u00bb][\/et_pb_video][\/et_pb_column][\/et_pb_row][et_pb_row _builder_version=\u00a0\u00bb4.24.0&Prime; _module_preset=\u00a0\u00bbdefault\u00a0\u00bb custom_padding=\u00a0\u00bb12px|||||\u00a0\u00bb global_colors_info=\u00a0\u00bb{}\u00a0\u00bb][et_pb_column type=\u00a0\u00bb4_4&Prime; _builder_version=\u00a0\u00bb4.24.0&Prime; _module_preset=\u00a0\u00bbdefault\u00a0\u00bb global_colors_info=\u00a0\u00bb{}\u00a0\u00bb][et_pb_video src=\u00a0\u00bbhttps:\/\/youtu.be\/QUe_myzi3MI\u00a0\u00bb _builder_version=\u00a0\u00bb4.24.0&Prime; _module_preset=\u00a0\u00bbdefault\u00a0\u00bb global_colors_info=\u00a0\u00bb{}\u00a0\u00bb][\/et_pb_video][et_pb_video src=\u00a0\u00bbhttps:\/\/youtu.be\/VmwrvLTmIYg\u00a0\u00bb _builder_version=\u00a0\u00bb4.24.0&Prime; _module_preset=\u00a0\u00bbdefault\u00a0\u00bb global_colors_info=\u00a0\u00bb{}\u00a0\u00bb][\/et_pb_video][et_pb_accordion _builder_version=\u00a0\u00bb4.24.0&Prime; _module_preset=\u00a0\u00bbdefault\u00a0\u00bb toggle_font=\u00a0\u00bbRufina||||||||\u00a0\u00bb toggle_font_size=\u00a0\u00bb32px\u00a0\u00bb toggle_line_height=\u00a0\u00bb1.7em\u00a0\u00bb width_tablet=\u00a0\u00bb\u00a0\u00bb width_phone=\u00a0\u00bb100%\u00a0\u00bb width_last_edited=\u00a0\u00bbon|phone\u00a0\u00bb custom_margin=\u00a0\u00bb14px|||||\u00a0\u00bb border_radii=\u00a0\u00bbon|20px|20px|20px|20px\u00a0\u00bb global_colors_info=\u00a0\u00bb{}\u00a0\u00bb][et_pb_accordion_item title=\u00a0\u00bbDe Fanny, France\u00a0\u00bb open=\u00a0\u00bbon\u00a0\u00bb _builder_version=\u00a0\u00bb4.24.0&Prime; _module_preset=\u00a0\u00bbdefault\u00a0\u00bb body_font=\u00a0\u00bbInter||||||||\u00a0\u00bb body_font_size=\u00a0\u00bb16px\u00a0\u00bb body_line_height=\u00a0\u00bb1.8em\u00a0\u00bb background_color=\u00a0\u00bb#edef73&Prime; background_enable_color=\u00a0\u00bbon\u00a0\u00bb border_width_all=\u00a0\u00bb2px\u00a0\u00bb border_color_all=\u00a0\u00bbgcid-2af4f8ba-4d61-435a-a256-d8bd7ad2cfec\u00a0\u00bb global_colors_info=\u00a0\u00bb{%22gcid-2af4f8ba-4d61-435a-a256-d8bd7ad2cfec%22:%91%22border_color_all%22%93}\u00a0\u00bb]<p><em><span>Un lugar para reconectar contigo mismo, \u00a1una experiencia \u00fanica! \nHuamanwasi es un lugar donde el espacio y el tiempo se desmantelan. Nos \nsumergimos en otro paradigma donde la percepci\u00f3n se refina para tocar lo \nesencial. Aqu\u00ed vivimos una experiencia personal y \u00fanica. El lugar es \npuro, la comida sana. Los gu\u00edas nos ofrecen un programa variado, rico y \nreestructurante. Nos acompa\u00f1an con su profesionalidad y su magia. La \ndieta, el silencio, la naturaleza, el canto, el baile, el yoga en un \nambiente as\u00ed son pr\u00e1cticas que cuidan el coraz\u00f3n, el cuerpo, el alma y \ncomplementan el trabajo personal de cada uno. \u00a1Es realmente un lugar \npara descubrir!<\/span><\/em><\/p>[\/et_pb_accordion_item][\/et_pb_accordion][et_pb_accordion _builder_version=\u00a0\u00bb4.24.0&Prime; _module_preset=\u00a0\u00bbdefault\u00a0\u00bb toggle_font=\u00a0\u00bbRufina||||||||\u00a0\u00bb toggle_font_size=\u00a0\u00bb32px\u00a0\u00bb toggle_line_height=\u00a0\u00bb1.7em\u00a0\u00bb custom_margin=\u00a0\u00bb14px|||||\u00a0\u00bb border_radii=\u00a0\u00bbon|20px|20px|20px|20px\u00a0\u00bb global_colors_info=\u00a0\u00bb{}\u00a0\u00bb][et_pb_accordion_item title=\u00a0\u00bbDe Olivier, France\u00a0\u00bb open=\u00a0\u00bbon\u00a0\u00bb _builder_version=\u00a0\u00bb4.24.0&Prime; _module_preset=\u00a0\u00bbdefault\u00a0\u00bb body_font=\u00a0\u00bbInter||||||||\u00a0\u00bb body_font_size=\u00a0\u00bb16px\u00a0\u00bb body_line_height=\u00a0\u00bb1.8em\u00a0\u00bb background_color=\u00a0\u00bb#edef73&Prime; background_enable_color=\u00a0\u00bbon\u00a0\u00bb border_width_all=\u00a0\u00bb2px\u00a0\u00bb border_color_all=\u00a0\u00bbgcid-2af4f8ba-4d61-435a-a256-d8bd7ad2cfec\u00a0\u00bb global_colors_info=\u00a0\u00bb{%22gcid-2af4f8ba-4d61-435a-a256-d8bd7ad2cfec%22:%91%22border_color_all%22%93}\u00a0\u00bb]<p><em><span>\u00a1De hecho, el cielo est\u00e1 en la tierra! Quieres encontrarte o encontrarte \na ti mismo, recargar pilas y vivir fuertes momentos de alegr\u00eda y \nemoci\u00f3n, \u00a1entonces no busques m\u00e1s! Huamanwasi es para ti. Es un rinc\u00f3n \ndel para\u00edso donde la noci\u00f3n del tiempo ya no existe. All\u00ed podr\u00e1s \npracticar yoga, degustar platos de sabor excepcional, vivir cerca o en \nla selva amaz\u00f3nica, codearte con magn\u00edficos animales y conocer a la \npoblaci\u00f3n local. Los guardianes de este lugar est\u00e1n a su servicio con toda \nsencillez y trabajan con el coraz\u00f3n. Todo est\u00e1 organizado para tu \nbienestar y desarrollo personal. Gracias a todo el equipo por estos \nmomentos inolvidables.<\/span><\/em><\/p>[\/et_pb_accordion_item][\/et_pb_accordion][et_pb_accordion _builder_version=\u00a0\u00bb4.24.0&Prime; _module_preset=\u00a0\u00bbdefault\u00a0\u00bb toggle_font=\u00a0\u00bbRufina||||||||\u00a0\u00bb toggle_font_size=\u00a0\u00bb32px\u00a0\u00bb toggle_line_height=\u00a0\u00bb1.7em\u00a0\u00bb custom_margin=\u00a0\u00bb14px|||||\u00a0\u00bb border_radii=\u00a0\u00bbon|20px|20px|20px|20px\u00a0\u00bb global_colors_info=\u00a0\u00bb{}\u00a0\u00bb][et_pb_accordion_item title=\u00a0\u00bbDe Jessica, NY, USA\u00a0\u00bb open=\u00a0\u00bbon\u00a0\u00bb _builder_version=\u00a0\u00bb4.24.0&Prime; _module_preset=\u00a0\u00bbdefault\u00a0\u00bb body_font=\u00a0\u00bbInter||||||||\u00a0\u00bb body_font_size=\u00a0\u00bb16px\u00a0\u00bb body_line_height=\u00a0\u00bb1.8em\u00a0\u00bb background_color=\u00a0\u00bb#edef73&Prime; background_enable_color=\u00a0\u00bbon\u00a0\u00bb border_width_all=\u00a0\u00bb2px\u00a0\u00bb border_color_all=\u00a0\u00bbgcid-2af4f8ba-4d61-435a-a256-d8bd7ad2cfec\u00a0\u00bb global_colors_info=\u00a0\u00bb{%22gcid-2af4f8ba-4d61-435a-a256-d8bd7ad2cfec%22:%91%22border_color_all%22%93}\u00a0\u00bb]<p><span><em>Huamanwasi es uno de los lugares m\u00e1s hermosos en los que he estado. La \nexperiencia que tuve all\u00ed fue incre\u00edble y me cambi\u00f3 la vida. Es un lugar \nmuy tranquilo, limpio y gestionado con mucho mimo. El personal es muy \namable y acogedor, \u00a1y la comida es deliciosa! Las otras personas que \nestuvieron all\u00ed durante mi retiro fueron muy c\u00e1lidas y atentas, e hice \nvarios amigos nuevos. Las ceremonias de Ayahuasca y lo que all\u00ed aprend\u00ed, \nverdaderamente purificaron y elevaron mi consciencia, mi cuerpo y mi \nalma. Llevar\u00e9 esto conmigo de por vida. Los conocimientos de medicina \nforestal de los gu\u00edas son muy impresionantes. Los diferentes tipos de \nyoga que ense\u00f1an a\u00f1adir\u00e1n un gran valor a tus pr\u00e1cticas y a tu vida. Su \nm\u00fasica es encantadora. Recomiendo ampliamente Huamanwasi a cualquiera, \nsin importar de qu\u00e9 parte del mundo sea. Volver\u00e9 lo antes posible, eso \nseguro. \u00a1No he visto m\u00e1s que experiencias positivas para todos los que \nparticiparon en este retiro! \u00a1Adelante t\u00fa tambi\u00e9n, tu alma te lo \nagradecer\u00e1!<\/em><\/span><em><span>\u00a0<\/span><\/em><\/p>[\/et_pb_accordion_item][\/et_pb_accordion][et_pb_accordion _builder_version=\u00a0\u00bb4.24.0&Prime; _module_preset=\u00a0\u00bbdefault\u00a0\u00bb toggle_font=\u00a0\u00bbRufina||||||||\u00a0\u00bb toggle_font_size=\u00a0\u00bb32px\u00a0\u00bb toggle_line_height=\u00a0\u00bb1.7em\u00a0\u00bb custom_margin=\u00a0\u00bb14px|||||\u00a0\u00bb border_radii=\u00a0\u00bbon|20px|20px|20px|20px\u00a0\u00bb global_colors_info=\u00a0\u00bb{}\u00a0\u00bb][et_pb_accordion_item title=\u00a0\u00bbDe Tom, Seattle, USA\u00a0\u00bb open=\u00a0\u00bbon\u00a0\u00bb _builder_version=\u00a0\u00bb4.24.0&Prime; _module_preset=\u00a0\u00bbdefault\u00a0\u00bb body_font=\u00a0\u00bbInter||||||||\u00a0\u00bb body_font_size=\u00a0\u00bb16px\u00a0\u00bb body_line_height=\u00a0\u00bb1.8em\u00a0\u00bb background_color=\u00a0\u00bb#edef73&Prime; background_enable_color=\u00a0\u00bbon\u00a0\u00bb border_width_all=\u00a0\u00bb2px\u00a0\u00bb border_color_all=\u00a0\u00bbgcid-2af4f8ba-4d61-435a-a256-d8bd7ad2cfec\u00a0\u00bb global_colors_info=\u00a0\u00bb{%22gcid-2af4f8ba-4d61-435a-a256-d8bd7ad2cfec%22:%91%22border_color_all%22%93}\u00a0\u00bb]<p><em><span>Mi estancia en Huamanwasi fue una experiencia muy positiva para m\u00ed. El \nentorno era hermoso, me encantaba escuchar los sonidos de la naturaleza, \nespecialmente de noche. Los gu\u00edas son verdaderamente talentosos, con \na\u00f1os de sabidur\u00eda y experiencia en yoga y plantas medicinales. Juntos, \naportaron una hermosa energ\u00eda y un perfecto equilibrio, fuerza y \n\u200b\u200bcompasi\u00f3n durante todo el programa del retiro. Tuve el desaf\u00edo de \nsumergirme profundamente en m\u00ed mismo, pero hacerlo mientras me apoyaban \ny acompa\u00f1aban. Al principio ten\u00eda miedos, pero aprend\u00ed a respirar para \ndisipar mis miedos y dejar que la energ\u00eda del lugar circulara dentro de \nm\u00ed, mantenida y fuertemente anclada gracias al bosque, las energ\u00edas de \nlos dem\u00e1s a mi alrededor y mi propio trabajo con las plantas. esp\u00edritu. \nHab\u00eda asistido a muchas sesiones de yoga y meditaci\u00f3n antes, pero fue \naqu\u00ed donde el yoga realmente me abri\u00f3 los ojos y me encamin\u00f3 hacia un \nestilo de vida m\u00e1s consciente.<\/span><\/em><\/p>[\/et_pb_accordion_item][\/et_pb_accordion][et_pb_accordion _builder_version=\u00a0\u00bb4.24.0&Prime; _module_preset=\u00a0\u00bbdefault\u00a0\u00bb toggle_font=\u00a0\u00bbRufina||||||||\u00a0\u00bb toggle_font_size=\u00a0\u00bb32px\u00a0\u00bb toggle_line_height=\u00a0\u00bb1.7em\u00a0\u00bb custom_margin=\u00a0\u00bb14px|||||\u00a0\u00bb border_radii=\u00a0\u00bbon|20px|20px|20px|20px\u00a0\u00bb global_colors_info=\u00a0\u00bb{}\u00a0\u00bb][et_pb_accordion_item title=\u00a0\u00bbDe Angelos, Ath\u00e8ne, Gr\u00e8ce\u00a0\u00bb open=\u00a0\u00bbon\u00a0\u00bb _builder_version=\u00a0\u00bb4.24.0&Prime; _module_preset=\u00a0\u00bbdefault\u00a0\u00bb body_font=\u00a0\u00bbInter||||||||\u00a0\u00bb body_font_size=\u00a0\u00bb16px\u00a0\u00bb body_line_height=\u00a0\u00bb1.8em\u00a0\u00bb background_color=\u00a0\u00bb#edef73&Prime; background_enable_color=\u00a0\u00bbon\u00a0\u00bb border_width_all=\u00a0\u00bb2px\u00a0\u00bb border_color_all=\u00a0\u00bbgcid-2af4f8ba-4d61-435a-a256-d8bd7ad2cfec\u00a0\u00bb global_colors_info=\u00a0\u00bb{%22gcid-2af4f8ba-4d61-435a-a256-d8bd7ad2cfec%22:%91%22border_color_all%22%93}\u00a0\u00bb]<p><em><span>\u00a1Qu\u00e9 gran experiencia! Huamanwasi es un lugar hermoso y relajante. All\u00ed \nviv\u00ed una experiencia incre\u00edble durante la cual Madre Ayahuasca me \nrecord\u00f3 que la magia exist\u00eda y estaba presente en todas partes y en todo \nmomento de nuestra vida diaria. Recomiendo absolutamente los retiros \nMaster Plant y Yoga. La combinaci\u00f3n de plantas medicinales y kundalini \nyoga es sencillamente perfecta. Nuestros gu\u00edas saben muy bien lo que \nhacen y aqu\u00ed te sentir\u00e1s seguro; ellos te inspirar\u00e1n. \u00a1Deber\u00edas visitar \neste lugar sin demora!<\/span><\/em><\/p>[\/et_pb_accordion_item][\/et_pb_accordion][\/et_pb_column][\/et_pb_row][\/et_pb_section][et_pb_section fb_built=\u00a0\u00bb1&Prime; admin_label=\u00a0\u00bbFooter\u00a0\u00bb _builder_version=\u00a0\u00bb4.24.0&Prime; _module_preset=\u00a0\u00bbdefault\u00a0\u00bb saved_tabs=\u00a0\u00bball\u00a0\u00bb collapsed=\u00a0\u00bboff\u00a0\u00bb global_colors_info=\u00a0\u00bb{}\u00a0\u00bb][et_pb_row column_structure=\u00a0\u00bb3_5,2_5&Prime; _builder_version=\u00a0\u00bb4.23.1&Prime; _module_preset=\u00a0\u00bbdefault\u00a0\u00bb use_background_color_gradient=\u00a0\u00bbon\u00a0\u00bb background_color_gradient_stops=\u00a0\u00bbrgba(0,0,0,0.7) 0%|rgba(255,255,255,0) 100%\u00a0\u00bb background_color_gradient_overlays_image=\u00a0\u00bbon\u00a0\u00bb background_image=\u00a0\u00bbhttps:\/\/huamanwasi.com\/wp-content\/uploads\/2024\/01\/accueil-11-700&#215;300-1.jpg\u00a0\u00bb parallax=\u00a0\u00bbon\u00a0\u00bb width=\u00a0\u00bb100%\u00a0\u00bb max_width=\u00a0\u00bbnone\u00a0\u00bb custom_padding=\u00a0\u00bb0px||0px||true|false\u00a0\u00bb global_colors_info=\u00a0\u00bb{}\u00a0\u00bb][et_pb_column type=\u00a0\u00bb3_5&Prime; _builder_version=\u00a0\u00bb4.23.1&Prime; _module_preset=\u00a0\u00bbdefault\u00a0\u00bb global_colors_info=\u00a0\u00bb{}\u00a0\u00bb][et_pb_divider show_divider=\u00a0\u00bboff\u00a0\u00bb _builder_version=\u00a0\u00bb4.23.1&Prime; _module_preset=\u00a0\u00bbdefault\u00a0\u00bb width=\u00a0\u00bb100%\u00a0\u00bb height=\u00a0\u00bb12vw\u00a0\u00bb custom_margin=\u00a0\u00bb|-108px||||\u00a0\u00bb custom_padding=\u00a0\u00bb|626px||||\u00a0\u00bb global_colors_info=\u00a0\u00bb{}\u00a0\u00bb][\/et_pb_divider][\/et_pb_column][et_pb_column type=\u00a0\u00bb2_5&Prime; _builder_version=\u00a0\u00bb4.23.1&Prime; _module_preset=\u00a0\u00bbdefault\u00a0\u00bb global_colors_info=\u00a0\u00bb{}\u00a0\u00bb][\/et_pb_column][\/et_pb_row][et_pb_row column_structure=\u00a0\u00bb1_3,1_3,1_3&Prime; _builder_version=\u00a0\u00bb4.22.0&Prime; _module_preset=\u00a0\u00bbdefault\u00a0\u00bb border_color_all=\u00a0\u00bbrgba(0,0,0,0.12)\u00a0\u00bb border_width_top=\u00a0\u00bb1px\u00a0\u00bb global_colors_info=\u00a0\u00bb{}\u00a0\u00bb][et_pb_column type=\u00a0\u00bb1_3&Prime; _builder_version=\u00a0\u00bb4.22.0&Prime; _module_preset=\u00a0\u00bbdefault\u00a0\u00bb global_colors_info=\u00a0\u00bb{}\u00a0\u00bb][et_pb_text _builder_version=\u00a0\u00bb4.23.1&Prime; _module_preset=\u00a0\u00bb39622202-333d-4837-a00d-454214502c6b\u00a0\u00bb text_orientation=\u00a0\u00bbcenter\u00a0\u00bb custom_margin=\u00a0\u00bb||10px||false|false\u00a0\u00bb global_colors_info=\u00a0\u00bb{}\u00a0\u00bb]<h5>Direcci\u00f3n<\/h5>[\/et_pb_text][et_pb_text _builder_version=\u00a0\u00bb4.23.1&Prime; _module_preset=\u00a0\u00bb49dde2ea-9ac4-45e8-826e-41de85d46bd6&Prime; link_text_color=\u00a0\u00bbgcid-c6bf7a23-856a-4cb2-9140-f8fe92a7e2b1&Prime; text_orientation=\u00a0\u00bbcenter\u00a0\u00bb global_colors_info=\u00a0\u00bb{%22gcid-c6bf7a23-856a-4cb2-9140-f8fe92a7e2b1%22:%91%22link_text_color%22%93}\u00a0\u00bb]<p><span>San Roque de Cumbaza, San Martin, Peru<\/span><\/p>[\/et_pb_text][\/et_pb_column][et_pb_column type=\u00a0\u00bb1_3&Prime; _builder_version=\u00a0\u00bb4.22.0&Prime; _module_preset=\u00a0\u00bbdefault\u00a0\u00bb global_colors_info=\u00a0\u00bb{}\u00a0\u00bb][et_pb_text _builder_version=\u00a0\u00bb4.23.1&Prime; _module_preset=\u00a0\u00bb39622202-333d-4837-a00d-454214502c6b\u00a0\u00bb text_orientation=\u00a0\u00bbcenter\u00a0\u00bb custom_margin=\u00a0\u00bb||10px||false|false\u00a0\u00bb global_colors_info=\u00a0\u00bb{}\u00a0\u00bb]<h5>Redes sociales<\/h5>[\/et_pb_text][et_pb_social_media_follow icon_color=\u00a0\u00bb#000000&Prime; use_icon_font_size=\u00a0\u00bbon\u00a0\u00bb _builder_version=\u00a0\u00bb4.24.0&Prime; _module_preset=\u00a0\u00bbdefault\u00a0\u00bb text_orientation=\u00a0\u00bbcenter\u00a0\u00bb border_radii=\u00a0\u00bbon|100px|100px|100px|100px\u00a0\u00bb global_colors_info=\u00a0\u00bb{}\u00a0\u00bb][et_pb_social_media_follow_network social_network=\u00a0\u00bbfacebook\u00a0\u00bb url=\u00a0\u00bbhttps:\/\/www.facebook.com\/profile.php?id=100063686047817&Prime; _builder_version=\u00a0\u00bb4.24.0&Prime; _module_preset=\u00a0\u00bbdefault\u00a0\u00bb background_color=\u00a0\u00bb#3b5998&Prime; background_enable_color=\u00a0\u00bbon\u00a0\u00bb custom_padding=\u00a0\u00bb4px|4px|4px|4px|true|true\u00a0\u00bb global_colors_info=\u00a0\u00bb{%22gcid-95530a2b-5e91-45c7-8ffb-59bb0a37f154%22:%91%22background_color%22%93}\u00a0\u00bb follow_button=\u00a0\u00bboff\u00a0\u00bb url_new_window=\u00a0\u00bbon\u00a0\u00bb]facebook[\/et_pb_social_media_follow_network][et_pb_social_media_follow_network social_network=\u00a0\u00bbyoutube\u00a0\u00bb url=\u00a0\u00bbhttps:\/\/www.youtube.com\/channel\/UC13G2md4b0jO1wSDPOnzhvQ\u00a0\u00bb _builder_version=\u00a0\u00bb4.24.0&Prime; _module_preset=\u00a0\u00bbdefault\u00a0\u00bb background_color=\u00a0\u00bb#a82400&Prime; background_enable_color=\u00a0\u00bbon\u00a0\u00bb custom_padding=\u00a0\u00bb4px|4px|4px|4px|true|true\u00a0\u00bb global_colors_info=\u00a0\u00bb{%22gcid-95530a2b-5e91-45c7-8ffb-59bb0a37f154%22:%91%22background_color%22%93}\u00a0\u00bb follow_button=\u00a0\u00bboff\u00a0\u00bb url_new_window=\u00a0\u00bbon\u00a0\u00bb]youtube[\/et_pb_social_media_follow_network][et_pb_social_media_follow_network social_network=\u00a0\u00bbinstagram\u00a0\u00bb url=\u00a0\u00bbhttps:\/\/www.instagram.com\/huamanwasi_ashram\/\u00a0\u00bb _builder_version=\u00a0\u00bb4.24.0&Prime; _module_preset=\u00a0\u00bbdefault\u00a0\u00bb background_color=\u00a0\u00bb#ea2c59&Prime; background_enable_color=\u00a0\u00bbon\u00a0\u00bb custom_padding=\u00a0\u00bb4px|4px|4px|4px|true|true\u00a0\u00bb global_colors_info=\u00a0\u00bb{%22gcid-95530a2b-5e91-45c7-8ffb-59bb0a37f154%22:%91%22background_color%22%93}\u00a0\u00bb follow_button=\u00a0\u00bboff\u00a0\u00bb url_new_window=\u00a0\u00bbon\u00a0\u00bb]instagram[\/et_pb_social_media_follow_network][\/et_pb_social_media_follow][\/et_pb_column][et_pb_column type=\u00a0\u00bb1_3&Prime; _builder_version=\u00a0\u00bb4.22.0&Prime; _module_preset=\u00a0\u00bbdefault\u00a0\u00bb global_colors_info=\u00a0\u00bb{}\u00a0\u00bb][et_pb_text _builder_version=\u00a0\u00bb4.24.0&Prime; _module_preset=\u00a0\u00bb39622202-333d-4837-a00d-454214502c6b\u00a0\u00bb text_orientation=\u00a0\u00bbcenter\u00a0\u00bb custom_margin=\u00a0\u00bb||10px||false|false\u00a0\u00bb global_colors_info=\u00a0\u00bb{}\u00a0\u00bb]<h5>Whatsapp<\/h5>[\/et_pb_text][et_pb_text _builder_version=\u00a0\u00bb4.23.1&Prime; _module_preset=\u00a0\u00bb49dde2ea-9ac4-45e8-826e-41de85d46bd6&Prime; link_text_color=\u00a0\u00bbgcid-c6bf7a23-856a-4cb2-9140-f8fe92a7e2b1&Prime; text_orientation=\u00a0\u00bbcenter\u00a0\u00bb custom_margin=\u00a0\u00bb||10px||false|false\u00a0\u00bb global_colors_info=\u00a0\u00bb{%22gcid-c6bf7a23-856a-4cb2-9140-f8fe92a7e2b1%22:%91%22link_text_color%22%93}\u00a0\u00bb]<p>(+51) 974 812 559<\/p>[\/et_pb_text][\/et_pb_column][\/et_pb_row][et_pb_row _builder_version=\u00a0\u00bb4.22.0&Prime; _module_preset=\u00a0\u00bbdefault\u00a0\u00bb background_color=\u00a0\u00bbgcid-d13dd47d-c04f-4aec-b591-ba88ac7e1568&Prime; width=\u00a0\u00bb100%\u00a0\u00bb max_width=\u00a0\u00bbnone\u00a0\u00bb custom_padding=\u00a0\u00bb|10%||10%|false|true\u00a0\u00bb global_colors_info=\u00a0\u00bb{%22gcid-d13dd47d-c04f-4aec-b591-ba88ac7e1568%22:%91%22background_color%22%93}\u00a0\u00bb][et_pb_column type=\u00a0\u00bb4_4&Prime; _builder_version=\u00a0\u00bb4.22.0&Prime; _module_preset=\u00a0\u00bbdefault\u00a0\u00bb global_colors_info=\u00a0\u00bb{}\u00a0\u00bb][et_pb_text _builder_version=\u00a0\u00bb4.24.0&Prime; _dynamic_attributes=\u00a0\u00bbcontent\u00a0\u00bb _module_preset=\u00a0\u00bb49dde2ea-9ac4-45e8-826e-41de85d46bd6&Prime; text_text_color=\u00a0\u00bbrgba(255,255,255,0.6)\u00a0\u00bb text_orientation=\u00a0\u00bbcenter\u00a0\u00bb global_colors_info=\u00a0\u00bb{}\u00a0\u00bb]@ET-DC@eyJkeW5hbWljIjp0cnVlLCJjb250ZW50IjoiY3VycmVudF9kYXRlIiwic2V0dGluZ3MiOnsiYmVmb3JlIjoiQ29weXJpZ2h0ICZjb3B5OyAiLCJhZnRlciI6IiBieSBBc3NvdXJpYSIsImRhdGVfZm9ybWF0IjoiY3VzdG9tIiwiY3VzdG9tX2RhdGVfZm9ybWF0IjoiWSJ9fQ==@[\/et_pb_text][\/et_pb_column][\/et_pb_row][\/et_pb_section]","protected":false},"excerpt":{"rendered":"<p>T\u00e9moignages\u00a0Un lieu de reconnexion \u00e0 Soi, une exp\u00e9rience unique ! Huamanwasi est un lieu o\u00f9 l\u2019espace et le temps se d\u00e9mant\u00e8lent. On plonge dans un autre paragdime o\u00f9 la perception s\u2019affine pour y toucher l\u2019essentiel. Ici on vit une exp\u00e9rience personnelle et unique. Le lieu est pur, la nourriture est saine. Les accompagnants nous proposent [&hellip;]<\/p>","protected":false},"author":1,"featured_media":0,"parent":0,"menu_order":0,"comment_status":"closed","ping_status":"closed","template":"","meta":{"_et_pb_use_builder":"on","_et_pb_old_content":"<!-- wp:divi\/placeholder \/-->","_et_gb_content_width":"","footnotes":""},"class_list":["post-42","page","type-page","status-publish","hentry"],"_links":{"self":[{"href":"https:\/\/huamanwasi.com\/es\/wp-json\/wp\/v2\/pages\/42","targetHints":{"allow":["GET"]}}],"collection":[{"href":"https:\/\/huamanwasi.com\/es\/wp-json\/wp\/v2\/pages"}],"about":[{"href":"https:\/\/huamanwasi.com\/es\/wp-json\/wp\/v2\/types\/page"}],"author":[{"embeddable":true,"href":"https:\/\/huamanwasi.com\/es\/wp-json\/wp\/v2\/users\/1"}],"replies":[{"embeddable":true,"href":"https:\/\/huamanwasi.com\/es\/wp-json\/wp\/v2\/comments?post=42"}],"version-history":[{"count":58,"href":"https:\/\/huamanwasi.com\/es\/wp-json\/wp\/v2\/pages\/42\/revisions"}],"predecessor-version":[{"id":2334,"href":"https:\/\/huamanwasi.com\/es\/wp-json\/wp\/v2\/pages\/42\/revisions\/2334"}],"wp:attachment":[{"href":"https:\/\/huamanwasi.com\/es\/wp-json\/wp\/v2\/media?parent=42"}],"curies":[{"name":"wp","href":"https:\/\/api.w.org\/{rel}","templated":true}]}}