{"id":15,"date":"2024-01-05T13:01:13","date_gmt":"2024-01-05T12:01:13","guid":{"rendered":"https:\/\/huamanwasi.assouria.com\/?page_id=15"},"modified":"2025-10-01T00:02:48","modified_gmt":"2025-09-30T22:02:48","slug":"qui-sommes-nous","status":"publish","type":"page","link":"https:\/\/huamanwasi.com\/fr_fr\/qui-sommes-nous\/","title":{"rendered":"Qui sommes-nous ?"},"content":{"rendered":"\n[et_pb_section fb_built=\u00a0\u00bb1&Prime; admin_label=\u00a0\u00bbHeader\u00a0\u00bb _builder_version=\u00a0\u00bb4.26.0&Prime; _module_preset=\u00a0\u00bbdefault\u00a0\u00bb background_image=\u00a0\u00bbhttps:\/\/huamanwasi.com\/wp-content\/uploads\/2025\/09\/P5120756-scaled.jpg\u00a0\u00bb parallax=\u00a0\u00bbon\u00a0\u00bb min_height=\u00a0\u00bb443px\u00a0\u00bb min_height_tablet=\u00a0\u00bb\u00a0\u00bb min_height_phone=\u00a0\u00bb275px\u00a0\u00bb min_height_last_edited=\u00a0\u00bbon|phone\u00a0\u00bb height=\u00a0\u00bb407px\u00a0\u00bb height_tablet=\u00a0\u00bb\u00a0\u00bb height_phone=\u00a0\u00bb216px\u00a0\u00bb height_last_edited=\u00a0\u00bbon|phone\u00a0\u00bb custom_padding=\u00a0\u00bb6vw||6vw||true|false\u00a0\u00bb collapsed=\u00a0\u00bbon\u00a0\u00bb global_colors_info=\u00a0\u00bb{}\u00a0\u00bb][et_pb_row _builder_version=\u00a0\u00bb4.26.0&Prime; _module_preset=\u00a0\u00bbdefault\u00a0\u00bb global_colors_info=\u00a0\u00bb{}\u00a0\u00bb][et_pb_column type=\u00a0\u00bb4_4&Prime; _builder_version=\u00a0\u00bb4.24.0&Prime; _module_preset=\u00a0\u00bbdefault\u00a0\u00bb global_colors_info=\u00a0\u00bb{}\u00a0\u00bb][et_pb_image src=\u00a0\u00bbhttps:\/\/huamanwasi.com\/wp-content\/uploads\/2024\/04\/Logo-web-red-2.jpg\u00a0\u00bb title_text=\u00a0\u00bbLogo web &#8211; 1&Prime; url=\u00a0\u00bbhttps:\/\/huamanwasi.com\/\u00a0\u00bb _builder_version=\u00a0\u00bb4.26.0&Prime; _module_preset=\u00a0\u00bbdefault\u00a0\u00bb width_tablet=\u00a0\u00bb\u00a0\u00bb width_phone=\u00a0\u00bb100%\u00a0\u00bb width_last_edited=\u00a0\u00bbon|phone\u00a0\u00bb custom_margin=\u00a0\u00bb70px|||237px|false|false\u00a0\u00bb custom_margin_tablet=\u00a0\u00bb\u00a0\u00bb custom_margin_phone=\u00a0\u00bb30px|||0px|false|false\u00a0\u00bb custom_margin_last_edited=\u00a0\u00bbon|phone\u00a0\u00bb global_colors_info=\u00a0\u00bb{}\u00a0\u00bb][\/et_pb_image][\/et_pb_column][\/et_pb_row][\/et_pb_section][et_pb_section fb_built=\u00a0\u00bb1&Prime; admin_label=\u00a0\u00bbFeatures\u00a0\u00bb _builder_version=\u00a0\u00bb4.26.0&Prime; _module_preset=\u00a0\u00bbdefault\u00a0\u00bb locked=\u00a0\u00bboff\u00a0\u00bb collapsed=\u00a0\u00bboff\u00a0\u00bb global_colors_info=\u00a0\u00bb{}\u00a0\u00bb][et_pb_row _builder_version=\u00a0\u00bb4.22.0&Prime; _module_preset=\u00a0\u00bbdefault\u00a0\u00bb max_width=\u00a0\u00bb700px\u00a0\u00bb min_height=\u00a0\u00bb81px\u00a0\u00bb custom_margin=\u00a0\u00bb-39px|auto||auto||\u00a0\u00bb global_colors_info=\u00a0\u00bb{}\u00a0\u00bb][et_pb_column type=\u00a0\u00bb4_4&Prime; _builder_version=\u00a0\u00bb4.22.0&Prime; _module_preset=\u00a0\u00bbdefault\u00a0\u00bb global_colors_info=\u00a0\u00bb{}\u00a0\u00bb][et_pb_text _builder_version=\u00a0\u00bb4.24.0&Prime; _module_preset=\u00a0\u00bb3cfea7d9-50c0-4908-b9e2-2ea9583fc2d4&Prime; header_font=\u00a0\u00bb|700|||||||\u00a0\u00bb header_text_color=\u00a0\u00bbgcid-406e287c-941b-47cf-8b1d-d22205f292f8&Prime; header_font_size=\u00a0\u00bb46px\u00a0\u00bb text_orientation=\u00a0\u00bbcenter\u00a0\u00bb header_font_size_tablet=\u00a0\u00bb46px\u00a0\u00bb header_font_size_phone=\u00a0\u00bb31px\u00a0\u00bb header_font_size_last_edited=\u00a0\u00bbon|phone\u00a0\u00bb inline_fonts=\u00a0\u00bbRaleway\u00a0\u00bb global_colors_info=\u00a0\u00bb{%22gcid-406e287c-941b-47cf-8b1d-d22205f292f8%22:%91%22header_text_color%22%93}\u00a0\u00bb]<h1 style=\"text-align: center;\"><span style=\"font-weight: 400; font-family: Raleway;\">Qui sommes-nous ?<\/span><\/h1>[\/et_pb_text][\/et_pb_column][\/et_pb_row][et_pb_row column_structure=\u00a0\u00bb1_4,3_4&Prime; _builder_version=\u00a0\u00bb4.24.0&Prime; _module_preset=\u00a0\u00bbdefault\u00a0\u00bb global_colors_info=\u00a0\u00bb{}\u00a0\u00bb][et_pb_column type=\u00a0\u00bb1_4&Prime; _builder_version=\u00a0\u00bb4.24.0&Prime; _module_preset=\u00a0\u00bbdefault\u00a0\u00bb global_colors_info=\u00a0\u00bb{}\u00a0\u00bb][et_pb_text _builder_version=\u00a0\u00bb4.26.0&Prime; _module_preset=\u00a0\u00bbdefault\u00a0\u00bb header_font=\u00a0\u00bb|700|||||||\u00a0\u00bb header_3_font=\u00a0\u00bb|600|||||||\u00a0\u00bb header_3_text_color=\u00a0\u00bbgcid-406e287c-941b-47cf-8b1d-d22205f292f8&Prime; background_color=\u00a0\u00bb#bc9d00&Prime; width=\u00a0\u00bb100%\u00a0\u00bb custom_margin=\u00a0\u00bb10px|||10px|false|false\u00a0\u00bb custom_padding=\u00a0\u00bb10px|||0px|false|false\u00a0\u00bb border_radii=\u00a0\u00bbon|20px|20px|20px|20px\u00a0\u00bb global_colors_info=\u00a0\u00bb{%22gcid-406e287c-941b-47cf-8b1d-d22205f292f8%22:%91%22header_3_text_color%22%93}\u00a0\u00bb]<h3 style=\"text-align: center;\">Emilio ESCARIZ<\/h3>[\/et_pb_text][et_pb_image src=\u00a0\u00bbhttps:\/\/huamanwasi.com\/wp-content\/uploads\/2024\/02\/Emilio-site.webp\u00a0\u00bb title_text=\u00a0\u00bbEmilio-site\u00a0\u00bb _builder_version=\u00a0\u00bb4.26.0&Prime; _module_preset=\u00a0\u00bbdefault\u00a0\u00bb width=\u00a0\u00bb100%\u00a0\u00bb min_height=\u00a0\u00bb191px\u00a0\u00bb min_height_last_edited=\u00a0\u00bboff|desktop\u00a0\u00bb height=\u00a0\u00bb233px\u00a0\u00bb max_height=\u00a0\u00bb972px\u00a0\u00bb custom_margin=\u00a0\u00bb11px||||false|false\u00a0\u00bb custom_padding=\u00a0\u00bb30px||||false|false\u00a0\u00bb global_colors_info=\u00a0\u00bb{}\u00a0\u00bb][\/et_pb_image][\/et_pb_column][et_pb_column type=\u00a0\u00bb3_4&Prime; _builder_version=\u00a0\u00bb4.24.0&Prime; _module_preset=\u00a0\u00bbdefault\u00a0\u00bb global_colors_info=\u00a0\u00bb{}\u00a0\u00bb][et_pb_text _builder_version=\u00a0\u00bb4.26.0&Prime; _module_preset=\u00a0\u00bbdefault\u00a0\u00bb global_colors_info=\u00a0\u00bb{}\u00a0\u00bb]<p><span>(1959 &#8211; 2025) <\/span>Depuis plus de vingt ans, <strong data-start=\"398\" data-end=\"419\">Huamanwasi <\/strong>a \u00e9t\u00e9 un lieu de rencontre, de gu\u00e9rison et d\u2019\u00e9veil spirituel, guid\u00e9 par la vision commune de ses fondateurs \u2014 dont l\u2019un, aujourd\u2019hui pass\u00e9 dans l\u2019invisible, continue de nous accompagner \u00e0 travers sa pr\u00e9sence subtile et son immense h\u00e9ritage.<\/p>\n<p data-start=\"662\" data-end=\"890\"><strong data-start=\"662\" data-end=\"741\">Mentor de Kundalini Yoga, \u00ab\u00a0Curandero\u00a0\u00bb de la M\u00e9decine Ancestrale Amazonienne et Ma\u00eetre de C\u00e9r\u00e9monie<\/strong>, il a guid\u00e9 avec sagesse et amour des centaines de personnes \u00e0 travers les retraites qui ont \u00e9t\u00e9 co-cr\u00e9\u00e9es ici, au c\u0153ur de la for\u00eat p\u00e9ruvienne.<\/p>\n<p data-start=\"892\" data-end=\"1252\">Son approche unissait les <strong>pratiques yogiques<\/strong>, la biodanse, les enseignements spirituels et les rituels de la tradition amazonienne pour accompagner des processus profonds de transformation int\u00e9rieure. Il savait cr\u00e9er des espaces s\u00fbrs, sacr\u00e9s, o\u00f9 chacun\u00b7e pouvait explorer sa creativit\u00e9 et les dimensions multiples de l\u2019\u00eatre, en lien avec la Terre M\u00e9re, les plantes ma\u00eetresses, le corps et l\u2019\u00e2me.<\/p>\n<p data-start=\"1254\" data-end=\"1470\">\u00c0 travers les di\u00e8tes, les<strong> cercles de m\u00e9decine<\/strong>, les pratiques de yoga, de chant et la danse rituelle, il nous a transmis un art de vivre ancr\u00e9 dans le respect du vivant, l\u2019\u00e9coute du c\u0153ur et la recherche sinc\u00e8re de la v\u00e9rit\u00e9.<\/p>\n<p data-start=\"1472\" data-end=\"1769\">Aujourd\u2019hui, m\u00eame s\u2019il n\u2019est plus physiquement parmi nous, <strong data-start=\"1531\" data-end=\"1570\">son esprit habite toujours l\u2019Ashram<\/strong>. Il continue de nous inspirer dans chaque retraite, chaque pratique, chaque moment de connexion profonde que nous vivons ici. Sa lumi\u00e8re demeure une source intarissable de guidance sur notre chemin.<\/p>\n<p>&nbsp;<\/p>[\/et_pb_text][\/et_pb_column][\/et_pb_row][et_pb_row column_structure=\u00a0\u00bb1_4,3_4&Prime; _builder_version=\u00a0\u00bb4.24.0&Prime; _module_preset=\u00a0\u00bbdefault\u00a0\u00bb width_tablet=\u00a0\u00bb\u00a0\u00bb width_phone=\u00a0\u00bb90%\u00a0\u00bb width_last_edited=\u00a0\u00bbon|phone\u00a0\u00bb global_colors_info=\u00a0\u00bb{}\u00a0\u00bb][et_pb_column type=\u00a0\u00bb1_4&Prime; _builder_version=\u00a0\u00bb4.24.0&Prime; _module_preset=\u00a0\u00bbdefault\u00a0\u00bb global_colors_info=\u00a0\u00bb{}\u00a0\u00bb][et_pb_text _builder_version=\u00a0\u00bb4.26.0&Prime; _module_preset=\u00a0\u00bbdefault\u00a0\u00bb header_font=\u00a0\u00bb|700|||||||\u00a0\u00bb header_3_font=\u00a0\u00bb|600|||||||\u00a0\u00bb header_3_text_color=\u00a0\u00bbgcid-406e287c-941b-47cf-8b1d-d22205f292f8&Prime; background_color=\u00a0\u00bb#bc9d00&Prime; width=\u00a0\u00bb100%\u00a0\u00bb custom_margin=\u00a0\u00bb10px|||10px|false|false\u00a0\u00bb custom_padding=\u00a0\u00bb10px|||0px|false|false\u00a0\u00bb border_radii=\u00a0\u00bbon|20px|20px|20px|20px\u00a0\u00bb global_colors_info=\u00a0\u00bb{%22gcid-406e287c-941b-47cf-8b1d-d22205f292f8%22:%91%22header_3_text_color%22,%22header_3_text_color%22,%22header_3_text_color%22,%22header_3_text_color%22%93}\u00a0\u00bb]<h3 style=\"text-align: center;\">R\u00f3mulo PELLIZA<\/h3>[\/et_pb_text][et_pb_image src=\u00a0\u00bbhttps:\/\/huamanwasi.com\/wp-content\/uploads\/2024\/01\/romulo-1-1024&#215;1024-1.jpg\u00a0\u00bb title_text=\u00a0\u00bbromulo-1-1024&#215;1024&Prime; _builder_version=\u00a0\u00bb4.26.0&Prime; _module_preset=\u00a0\u00bbdefault\u00a0\u00bb custom_margin=\u00a0\u00bb21px||||false|false\u00a0\u00bb custom_padding=\u00a0\u00bb23px||||false|false\u00a0\u00bb global_colors_info=\u00a0\u00bb{}\u00a0\u00bb][\/et_pb_image][\/et_pb_column][et_pb_column type=\u00a0\u00bb3_4&Prime; _builder_version=\u00a0\u00bb4.24.0&Prime; _module_preset=\u00a0\u00bbdefault\u00a0\u00bb global_colors_info=\u00a0\u00bb{}\u00a0\u00bb][et_pb_text _builder_version=\u00a0\u00bb4.24.0&Prime; _module_preset=\u00a0\u00bbdefault\u00a0\u00bb global_colors_info=\u00a0\u00bb{}\u00a0\u00bb]<p><span>Co-fondateur de <strong>Huamanwasi Ashram<\/strong>, Romulo vit entre l\u2019Europe et l\u2019Amazonie.<br \/>Il est un pionnier et une r\u00e9f\u00e9rence dans la <strong>fusion du Yoga et du Chamanisme<\/strong> en France.<br \/>Fondateur et directeur p\u00e9dagogique de Wakamayo \u00ab Ecole de Yoga et Chamanisme \u00bb en France o\u00f9 il dirige la formation d\u2019enseignants de <strong>Yin Yoga Chamanique<\/strong> et Yoga du son ainsi que le \u00ab Restorative Yoga \u00bb.<br \/><strong>Homme-M\u00e9decine<\/strong> de la tradition Amazonienne et pr\u00eatre \u00ab\u00a0Altomisayuc\u00a0\u00bb de la tradition Q\u2019ero des Andes, il est \u00e9galement praticien de Body-Mind Centering\u00a9, \u00e9ducateur somatique et sonoth\u00e9rapeute. Ainsi qu\u2019enseignant, mentor et formateur de Kundalini Yoga.<br \/>Il a aussi cr\u00e9\u00e9 la formation en ligne \u00ab\u00a0Kundalini Yoga &amp; Gu\u00e9rison\u00a0\u00bb o\u00f9 il a approfondi ses recherches autour de la gestion du stress, l\u2019auto-r\u00e9gulation du syst\u00e8me nerveux autonome, la <strong>r\u00e9solution du trauma et la gu\u00e9rison<\/strong> par le biais du yoga, du chant, de la somatique et du son.<br \/>Chercheur dans le domaine de la Voix comme v\u00e9hicule de conscience, il s\u2019investit dans l\u2019\u00e9tude du <strong>Naad Yoga<\/strong> de la tradition Sikh de Guru Nanak ainsi que dans l\u2019\u00e9tude des Vedas et des Mantras dans la lign\u00e9e de Sri Vidya Tantra.<br \/>Ses enseignements conjuguent la rencontre de<strong> l\u2019auto-gu\u00e9risson<\/strong>, la magie de la c\u00e9l\u00e9bration et le chant sacr\u00e9, vaste ensemble reli\u00e9 par la rigueur n\u00e9cessaire \u00e0 la recherche d\u2019une humanit\u00e9 plus consciente de sa v\u00e9ritable identit\u00e9.<br \/>La d\u00e9votion, l\u2019humour et la simplicit\u00e9 sont les piliers de son enseignement.<\/span><span><\/span><\/p>[\/et_pb_text][\/et_pb_column][\/et_pb_row][et_pb_row column_structure=\u00a0\u00bb1_4,3_4&Prime; _builder_version=\u00a0\u00bb4.24.0&Prime; _module_preset=\u00a0\u00bbdefault\u00a0\u00bb width_tablet=\u00a0\u00bb\u00a0\u00bb width_phone=\u00a0\u00bb90%\u00a0\u00bb width_last_edited=\u00a0\u00bbon|phone\u00a0\u00bb global_colors_info=\u00a0\u00bb{}\u00a0\u00bb][et_pb_column type=\u00a0\u00bb1_4&Prime; _builder_version=\u00a0\u00bb4.24.0&Prime; _module_preset=\u00a0\u00bbdefault\u00a0\u00bb global_colors_info=\u00a0\u00bb{}\u00a0\u00bb][et_pb_text _builder_version=\u00a0\u00bb4.26.0&Prime; _module_preset=\u00a0\u00bbdefault\u00a0\u00bb header_font=\u00a0\u00bb|700|||||||\u00a0\u00bb header_3_font=\u00a0\u00bb|600|||||||\u00a0\u00bb header_3_text_color=\u00a0\u00bbgcid-406e287c-941b-47cf-8b1d-d22205f292f8&Prime; background_color=\u00a0\u00bb#bc9d00&Prime; width=\u00a0\u00bb100%\u00a0\u00bb custom_margin=\u00a0\u00bb10px|||10px|false|false\u00a0\u00bb custom_padding=\u00a0\u00bb10px|||0px|false|false\u00a0\u00bb border_radii=\u00a0\u00bbon|20px|20px|20px|20px\u00a0\u00bb global_colors_info=\u00a0\u00bb{%22gcid-406e287c-941b-47cf-8b1d-d22205f292f8%22:%91%22header_3_text_color%22,%22header_3_text_color%22,%22header_3_text_color%22,%22header_3_text_color%22%93}\u00a0\u00bb]<h3 style=\"text-align: center;\">Luna RUFOLO<\/h3>[\/et_pb_text][et_pb_image src=\u00a0\u00bbhttps:\/\/huamanwasi.com\/wp-content\/uploads\/2024\/02\/Luna-site.webp\u00a0\u00bb title_text=\u00a0\u00bbLuna-site\u00a0\u00bb _builder_version=\u00a0\u00bb4.26.0&Prime; _module_preset=\u00a0\u00bbdefault\u00a0\u00bb width=\u00a0\u00bb120%\u00a0\u00bb max_width=\u00a0\u00bb120%\u00a0\u00bb min_height=\u00a0\u00bb300px\u00a0\u00bb height=\u00a0\u00bb235px\u00a0\u00bb max_height=\u00a0\u00bb1000px\u00a0\u00bb custom_margin=\u00a0\u00bb21px||||false|false\u00a0\u00bb custom_padding=\u00a0\u00bb23px||||false|false\u00a0\u00bb global_colors_info=\u00a0\u00bb{}\u00a0\u00bb][\/et_pb_image][\/et_pb_column][et_pb_column type=\u00a0\u00bb3_4&Prime; _builder_version=\u00a0\u00bb4.24.0&Prime; _module_preset=\u00a0\u00bbdefault\u00a0\u00bb global_colors_info=\u00a0\u00bb{}\u00a0\u00bb][et_pb_text _builder_version=\u00a0\u00bb4.24.0&Prime; _module_preset=\u00a0\u00bbdefault\u00a0\u00bb global_colors_info=\u00a0\u00bb{}\u00a0\u00bb]<p><span>Luna a \u00e9tudi\u00e9 le<strong> langage corporel<\/strong> de la danse \u00e0 l\u2019Universit\u00e9 de Buenos Aires et en 4\u00e8me ann\u00e9e \u00e0 l\u2019Universit\u00e9 de psychologie, elle participa, avec un groupe de psychologues, de m\u00e9decins et d\u2019anthropologues, b\u00e9n\u00e9ficiant d\u2019une bourse du Conseil des Sciences et Techniques de l\u2019Universit\u00e9 du P\u00e9rou, \u00e0 des recherches sur les th\u00e9rapies, m\u00e9decines et <strong>processus de gu\u00e9rison chamanique<\/strong> utilis\u00e9es par les groupes autochtones originaux.<br \/>Cette exp\u00e9rience influen\u00e7a sa perception de la mani\u00e8re dont se d\u00e9roule le chemin de gu\u00e9rison et de la transformation.<br \/>Depuis 1990, elle consacre son \u00e9nergie \u00e0 l\u2019\u00e9tude du processus <strong>rituel avec les plantes ma\u00eetresses<\/strong>. Elle a fond\u00e9 et accompagn\u00e9 divers groupes avec les m\u00e9decines ancestrales. Depuis 2014, elle fait partie de l\u2019\u00e9quipe de Huamanwasi dans la for\u00eat amazonienne du P\u00e9rou.<\/span><\/p>\n<p><span>Elle a consacr\u00e9 de nombreuses ann\u00e9es \u00e0 l\u2019\u00e9tude du yoga, du travail coporel conscient et \u00e0 <strong>l\u2019expression de la voix chant\u00e9e.<\/strong> Elle s\u2019est consacr\u00e9e \u00e0 recueillir des chants d\u00e9votionnels de cultures diff\u00e9rentes. Elle a voyag\u00e9 au Br\u00e9sil en de multiples occasions \u00e0 la rencontre des richesses de la diversit\u00e9 de la <strong>\u00ab\u00a0cosmovision\u00a0\u00bb<\/strong> originelle et afro-am\u00e9ricaine. Elle a effectu\u00e9 des \u00e9tudes de musicoth\u00e9rapie avec Violeta Hemsy de Gaiza.<br \/>Elle est \u00e9galement <strong>accompagnatrice th\u00e9rapeutique.<\/strong><\/span><\/p>[\/et_pb_text][\/et_pb_column][\/et_pb_row][\/et_pb_section][et_pb_section fb_built=\u00a0\u00bb1&Prime; _builder_version=\u00a0\u00bb4.26.0&Prime; _module_preset=\u00a0\u00bbdefault\u00a0\u00bb background_image=\u00a0\u00bbhttps:\/\/huamanwasi.com\/wp-content\/uploads\/2025\/09\/P5120756-scaled.jpg\u00a0\u00bb global_colors_info=\u00a0\u00bb{}\u00a0\u00bb][\/et_pb_section][et_pb_section fb_built=\u00a0\u00bb1&Prime; admin_label=\u00a0\u00bbFooter\u00a0\u00bb _builder_version=\u00a0\u00bb4.24.0&Prime; _module_preset=\u00a0\u00bbdefault\u00a0\u00bb saved_tabs=\u00a0\u00bball\u00a0\u00bb collapsed=\u00a0\u00bboff\u00a0\u00bb global_colors_info=\u00a0\u00bb{}\u00a0\u00bb][et_pb_row column_structure=\u00a0\u00bb1_3,1_3,1_3&Prime; _builder_version=\u00a0\u00bb4.24.0&Prime; _module_preset=\u00a0\u00bbdefault\u00a0\u00bb min_height_tablet=\u00a0\u00bb\u00a0\u00bb min_height_phone=\u00a0\u00bb180px\u00a0\u00bb min_height_last_edited=\u00a0\u00bbon|phone\u00a0\u00bb height_tablet=\u00a0\u00bb\u00a0\u00bb height_phone=\u00a0\u00bb316px\u00a0\u00bb height_last_edited=\u00a0\u00bbon|phone\u00a0\u00bb module_alignment_tablet=\u00a0\u00bb\u00a0\u00bb module_alignment_phone=\u00a0\u00bb\u00a0\u00bb module_alignment_last_edited=\u00a0\u00bbon|phone\u00a0\u00bb border_color_all=\u00a0\u00bbrgba(0,0,0,0.12)\u00a0\u00bb border_width_top=\u00a0\u00bb1px\u00a0\u00bb global_colors_info=\u00a0\u00bb{}\u00a0\u00bb][et_pb_column type=\u00a0\u00bb1_3&Prime; _builder_version=\u00a0\u00bb4.22.0&Prime; _module_preset=\u00a0\u00bbdefault\u00a0\u00bb global_colors_info=\u00a0\u00bb{}\u00a0\u00bb][et_pb_text _builder_version=\u00a0\u00bb4.23.1&Prime; _module_preset=\u00a0\u00bb39622202-333d-4837-a00d-454214502c6b\u00a0\u00bb text_orientation=\u00a0\u00bbcenter\u00a0\u00bb custom_margin=\u00a0\u00bb||10px||false|false\u00a0\u00bb global_colors_info=\u00a0\u00bb{}\u00a0\u00bb]<h5>Adresse<\/h5>[\/et_pb_text][et_pb_text _builder_version=\u00a0\u00bb4.23.1&Prime; _module_preset=\u00a0\u00bb49dde2ea-9ac4-45e8-826e-41de85d46bd6&Prime; link_text_color=\u00a0\u00bbgcid-c6bf7a23-856a-4cb2-9140-f8fe92a7e2b1&Prime; text_orientation=\u00a0\u00bbcenter\u00a0\u00bb global_colors_info=\u00a0\u00bb{%22gcid-c6bf7a23-856a-4cb2-9140-f8fe92a7e2b1%22:%91%22link_text_color%22%93}\u00a0\u00bb]<p><span>San Roque de Cumbaza, San Martin, Peru<\/span><\/p>[\/et_pb_text][\/et_pb_column][et_pb_column type=\u00a0\u00bb1_3&Prime; _builder_version=\u00a0\u00bb4.22.0&Prime; _module_preset=\u00a0\u00bbdefault\u00a0\u00bb global_colors_info=\u00a0\u00bb{}\u00a0\u00bb][et_pb_text _builder_version=\u00a0\u00bb4.23.1&Prime; _module_preset=\u00a0\u00bb39622202-333d-4837-a00d-454214502c6b\u00a0\u00bb text_orientation=\u00a0\u00bbcenter\u00a0\u00bb custom_margin=\u00a0\u00bb||10px||false|false\u00a0\u00bb global_colors_info=\u00a0\u00bb{}\u00a0\u00bb]<h5>R\u00e9seaux sociaux<\/h5>[\/et_pb_text][et_pb_social_media_follow icon_color=\u00a0\u00bb#000000&Prime; use_icon_font_size=\u00a0\u00bbon\u00a0\u00bb _builder_version=\u00a0\u00bb4.24.0&Prime; _module_preset=\u00a0\u00bbdefault\u00a0\u00bb text_orientation=\u00a0\u00bbcenter\u00a0\u00bb border_radii=\u00a0\u00bbon|100px|100px|100px|100px\u00a0\u00bb global_colors_info=\u00a0\u00bb{}\u00a0\u00bb][et_pb_social_media_follow_network social_network=\u00a0\u00bbfacebook\u00a0\u00bb url=\u00a0\u00bbhttps:\/\/www.facebook.com\/profile.php?id=100063686047817&Prime; _builder_version=\u00a0\u00bb4.24.0&Prime; _module_preset=\u00a0\u00bbdefault\u00a0\u00bb background_color=\u00a0\u00bb#3b5998&Prime; background_enable_color=\u00a0\u00bbon\u00a0\u00bb custom_padding=\u00a0\u00bb4px|4px|4px|4px|true|true\u00a0\u00bb global_colors_info=\u00a0\u00bb{%22gcid-95530a2b-5e91-45c7-8ffb-59bb0a37f154%22:%91%22background_color%22%93}\u00a0\u00bb follow_button=\u00a0\u00bboff\u00a0\u00bb url_new_window=\u00a0\u00bbon\u00a0\u00bb]facebook[\/et_pb_social_media_follow_network][et_pb_social_media_follow_network social_network=\u00a0\u00bbyoutube\u00a0\u00bb url=\u00a0\u00bbhttps:\/\/www.youtube.com\/@huamanwasiashram3421&Prime; _builder_version=\u00a0\u00bb4.24.0&Prime; _module_preset=\u00a0\u00bbdefault\u00a0\u00bb background_color=\u00a0\u00bb#a82400&Prime; background_enable_color=\u00a0\u00bbon\u00a0\u00bb custom_padding=\u00a0\u00bb4px|4px|4px|4px|true|true\u00a0\u00bb global_colors_info=\u00a0\u00bb{%22gcid-95530a2b-5e91-45c7-8ffb-59bb0a37f154%22:%91%22background_color%22%93}\u00a0\u00bb follow_button=\u00a0\u00bboff\u00a0\u00bb url_new_window=\u00a0\u00bbon\u00a0\u00bb]youtube[\/et_pb_social_media_follow_network][et_pb_social_media_follow_network social_network=\u00a0\u00bbinstagram\u00a0\u00bb url=\u00a0\u00bbhttps:\/\/www.instagram.com\/huamanwasi_ashram\/\u00a0\u00bb _builder_version=\u00a0\u00bb4.24.0&Prime; _module_preset=\u00a0\u00bbdefault\u00a0\u00bb background_color=\u00a0\u00bb#ea2c59&Prime; background_enable_color=\u00a0\u00bbon\u00a0\u00bb custom_padding=\u00a0\u00bb4px|4px|4px|4px|true|true\u00a0\u00bb global_colors_info=\u00a0\u00bb{%22gcid-95530a2b-5e91-45c7-8ffb-59bb0a37f154%22:%91%22background_color%22%93}\u00a0\u00bb follow_button=\u00a0\u00bboff\u00a0\u00bb url_new_window=\u00a0\u00bbon\u00a0\u00bb]instagram[\/et_pb_social_media_follow_network][\/et_pb_social_media_follow][\/et_pb_column][et_pb_column type=\u00a0\u00bb1_3&Prime; _builder_version=\u00a0\u00bb4.22.0&Prime; _module_preset=\u00a0\u00bbdefault\u00a0\u00bb global_colors_info=\u00a0\u00bb{}\u00a0\u00bb][et_pb_text _builder_version=\u00a0\u00bb4.24.0&Prime; _module_preset=\u00a0\u00bb8f78e133-bd87-4fc4-9df0-9036360dedec\u00a0\u00bb text_orientation=\u00a0\u00bbcenter\u00a0\u00bb custom_margin=\u00a0\u00bb||10px||false|false\u00a0\u00bb global_colors_info=\u00a0\u00bb{}\u00a0\u00bb]<h5>Whatsapp<\/h5>[\/et_pb_text][et_pb_text _builder_version=\u00a0\u00bb4.23.1&Prime; _module_preset=\u00a0\u00bb49dde2ea-9ac4-45e8-826e-41de85d46bd6&Prime; link_text_color=\u00a0\u00bbgcid-c6bf7a23-856a-4cb2-9140-f8fe92a7e2b1&Prime; text_orientation=\u00a0\u00bbcenter\u00a0\u00bb custom_margin=\u00a0\u00bb||10px||false|false\u00a0\u00bb global_colors_info=\u00a0\u00bb{%22gcid-c6bf7a23-856a-4cb2-9140-f8fe92a7e2b1%22:%91%22link_text_color%22%93}\u00a0\u00bb]<p>(+51) 974 812 559<\/p>[\/et_pb_text][\/et_pb_column][\/et_pb_row][et_pb_row _builder_version=\u00a0\u00bb4.22.0&Prime; _module_preset=\u00a0\u00bbdefault\u00a0\u00bb background_color=\u00a0\u00bbgcid-d13dd47d-c04f-4aec-b591-ba88ac7e1568&Prime; width=\u00a0\u00bb100%\u00a0\u00bb max_width=\u00a0\u00bbnone\u00a0\u00bb custom_padding=\u00a0\u00bb|10%||10%|false|true\u00a0\u00bb global_colors_info=\u00a0\u00bb{%22gcid-d13dd47d-c04f-4aec-b591-ba88ac7e1568%22:%91%22background_color%22%93}\u00a0\u00bb][et_pb_column type=\u00a0\u00bb4_4&Prime; _builder_version=\u00a0\u00bb4.22.0&Prime; _module_preset=\u00a0\u00bbdefault\u00a0\u00bb global_colors_info=\u00a0\u00bb{}\u00a0\u00bb][et_pb_text _builder_version=\u00a0\u00bb4.24.0&Prime; _dynamic_attributes=\u00a0\u00bbcontent\u00a0\u00bb _module_preset=\u00a0\u00bb49dde2ea-9ac4-45e8-826e-41de85d46bd6&Prime; text_text_color=\u00a0\u00bbrgba(255,255,255,0.6)\u00a0\u00bb text_orientation=\u00a0\u00bbcenter\u00a0\u00bb global_colors_info=\u00a0\u00bb{}\u00a0\u00bb]@ET-DC@eyJkeW5hbWljIjp0cnVlLCJjb250ZW50IjoiY3VycmVudF9kYXRlIiwic2V0dGluZ3MiOnsiYmVmb3JlIjoiQ29weXJpZ2h0ICZjb3B5OyAiLCJhZnRlciI6IiBieSBBc3NvdXJpYSIsImRhdGVfZm9ybWF0IjoiY3VzdG9tIiwiY3VzdG9tX2RhdGVfZm9ybWF0IjoiWSJ9fQ==@[\/et_pb_text][\/et_pb_column][\/et_pb_row][\/et_pb_section]\n","protected":false},"excerpt":{"rendered":"<p>Qui sommes-nous ?Emilio ESCARIZ(1959 &#8211; 2025) Depuis plus de vingt ans, Huamanwasi a \u00e9t\u00e9 un lieu de rencontre, de gu\u00e9rison et d\u2019\u00e9veil spirituel, guid\u00e9 par la vision commune de ses fondateurs \u2014 dont l\u2019un, aujourd\u2019hui pass\u00e9 dans l\u2019invisible, continue de nous accompagner \u00e0 travers sa pr\u00e9sence subtile et son immense h\u00e9ritage. Mentor de Kundalini Yoga, [&hellip;]<\/p>\n","protected":false},"author":1,"featured_media":0,"parent":0,"menu_order":0,"comment_status":"closed","ping_status":"closed","template":"","meta":{"_et_pb_use_builder":"on","_et_pb_old_content":"<!-- wp:divi\/placeholder \/-->","_et_gb_content_width":"","footnotes":""},"class_list":["post-15","page","type-page","status-publish","hentry"],"_links":{"self":[{"href":"https:\/\/huamanwasi.com\/fr_fr\/wp-json\/wp\/v2\/pages\/15","targetHints":{"allow":["GET"]}}],"collection":[{"href":"https:\/\/huamanwasi.com\/fr_fr\/wp-json\/wp\/v2\/pages"}],"about":[{"href":"https:\/\/huamanwasi.com\/fr_fr\/wp-json\/wp\/v2\/types\/page"}],"author":[{"embeddable":true,"href":"https:\/\/huamanwasi.com\/fr_fr\/wp-json\/wp\/v2\/users\/1"}],"replies":[{"embeddable":true,"href":"https:\/\/huamanwasi.com\/fr_fr\/wp-json\/wp\/v2\/comments?post=15"}],"version-history":[{"count":156,"href":"https:\/\/huamanwasi.com\/fr_fr\/wp-json\/wp\/v2\/pages\/15\/revisions"}],"predecessor-version":[{"id":2357,"href":"https:\/\/huamanwasi.com\/fr_fr\/wp-json\/wp\/v2\/pages\/15\/revisions\/2357"}],"wp:attachment":[{"href":"https:\/\/huamanwasi.com\/fr_fr\/wp-json\/wp\/v2\/media?parent=15"}],"curies":[{"name":"wp","href":"https:\/\/api.w.org\/{rel}","templated":true}]}}